{"id":616,"date":"2024-09-22T18:58:07","date_gmt":"2024-09-22T16:58:07","guid":{"rendered":"https:\/\/satori-ecoconstruction-09.fr\/?page_id=616"},"modified":"2024-09-22T19:41:40","modified_gmt":"2024-09-22T17:41:40","slug":"amenagement-exterieur","status":"publish","type":"page","link":"https:\/\/satori-ecoconstruction-09.fr\/index.php\/amenagement-exterieur\/","title":{"rendered":"Am\u00e9nagement ext\u00e9rieur"},"content":{"rendered":"\n<div class=\"wp-block-group alignfull\"><div class=\"wp-block-group__inner-container is-layout-flow wp-block-group-is-layout-flow\">\n<p class=\"has-text-align-center has-h-3-font-size\">Mur pierre maconn\u00e9es  &amp; cloture bois m\u00e9tal<\/p>\n\n\n\n<div class=\"wp-block-columns alignwide tw-cols-stack-sm is-layout-flex wp-container-core-columns-is-layout-d0b3c9c8 wp-block-columns-is-layout-flex\">\n<div class=\"wp-block-column is-layout-flow wp-block-column-is-layout-flow\">\n<figure data-wp-context=\"{&quot;imageId&quot;:&quot;69d50e7757dca&quot;}\" data-wp-interactive=\"core\/image\" data-wp-key=\"69d50e7757dca\" class=\"wp-block-image size-full wp-lightbox-container\"><img loading=\"lazy\" decoding=\"async\" width=\"800\" height=\"600\" data-wp-class--hide=\"state.isContentHidden\" data-wp-class--show=\"state.isContentVisible\" data-wp-init=\"callbacks.setButtonStyles\" data-wp-on--click=\"actions.showLightbox\" data-wp-on--load=\"callbacks.setButtonStyles\" data-wp-on-window--resize=\"callbacks.setButtonStyles\" src=\"https:\/\/satori-ecoconstruction-09.fr\/wp-content\/uploads\/2024\/09\/1717337503902.jpg\" alt=\"\" class=\"wp-image-604\" srcset=\"https:\/\/satori-ecoconstruction-09.fr\/wp-content\/uploads\/2024\/09\/1717337503902.jpg 800w, https:\/\/satori-ecoconstruction-09.fr\/wp-content\/uploads\/2024\/09\/1717337503902-300x225.jpg 300w, https:\/\/satori-ecoconstruction-09.fr\/wp-content\/uploads\/2024\/09\/1717337503902-768x576.jpg 768w\" sizes=\"auto, (max-width: 800px) 100vw, 800px\" \/><button\n\t\t\tclass=\"lightbox-trigger\"\n\t\t\ttype=\"button\"\n\t\t\taria-haspopup=\"dialog\"\n\t\t\taria-label=\"Agrandir\"\n\t\t\tdata-wp-init=\"callbacks.initTriggerButton\"\n\t\t\tdata-wp-on--click=\"actions.showLightbox\"\n\t\t\tdata-wp-style--right=\"state.imageButtonRight\"\n\t\t\tdata-wp-style--top=\"state.imageButtonTop\"\n\t\t>\n\t\t\t<svg xmlns=\"http:\/\/www.w3.org\/2000\/svg\" width=\"12\" height=\"12\" fill=\"none\" viewBox=\"0 0 12 12\">\n\t\t\t\t<path fill=\"#fff\" d=\"M2 0a2 2 0 0 0-2 2v2h1.5V2a.5.5 0 0 1 .5-.5h2V0H2Zm2 10.5H2a.5.5 0 0 1-.5-.5V8H0v2a2 2 0 0 0 2 2h2v-1.5ZM8 12v-1.5h2a.5.5 0 0 0 .5-.5V8H12v2a2 2 0 0 1-2 2H8Zm2-12a2 2 0 0 1 2 2v2h-1.5V2a.5.5 0 0 0-.5-.5H8V0h2Z\" \/>\n\t\t\t<\/svg>\n\t\t<\/button><\/figure>\n\n\n\n<p class=\"has-small-font-size\">Lorem ipsum dolor sit amet, commodo erat adipiscing elit. Sed do eiusmod ut tempor incididunt ut labore et dolore.<\/p>\n<\/div>\n\n\n\n<div class=\"wp-block-column is-layout-flow wp-block-column-is-layout-flow\">\n<figure data-wp-context=\"{&quot;imageId&quot;:&quot;69d50e7758c13&quot;}\" data-wp-interactive=\"core\/image\" data-wp-key=\"69d50e7758c13\" class=\"wp-block-image size-full wp-lightbox-container\"><img loading=\"lazy\" decoding=\"async\" width=\"800\" height=\"600\" data-wp-class--hide=\"state.isContentHidden\" data-wp-class--show=\"state.isContentVisible\" data-wp-init=\"callbacks.setButtonStyles\" data-wp-on--click=\"actions.showLightbox\" data-wp-on--load=\"callbacks.setButtonStyles\" data-wp-on-window--resize=\"callbacks.setButtonStyles\" src=\"https:\/\/satori-ecoconstruction-09.fr\/wp-content\/uploads\/2024\/09\/1717337503879.jpg\" alt=\"\" class=\"wp-image-605\" srcset=\"https:\/\/satori-ecoconstruction-09.fr\/wp-content\/uploads\/2024\/09\/1717337503879.jpg 800w, https:\/\/satori-ecoconstruction-09.fr\/wp-content\/uploads\/2024\/09\/1717337503879-300x225.jpg 300w, https:\/\/satori-ecoconstruction-09.fr\/wp-content\/uploads\/2024\/09\/1717337503879-768x576.jpg 768w\" sizes=\"auto, (max-width: 800px) 100vw, 800px\" \/><button\n\t\t\tclass=\"lightbox-trigger\"\n\t\t\ttype=\"button\"\n\t\t\taria-haspopup=\"dialog\"\n\t\t\taria-label=\"Agrandir\"\n\t\t\tdata-wp-init=\"callbacks.initTriggerButton\"\n\t\t\tdata-wp-on--click=\"actions.showLightbox\"\n\t\t\tdata-wp-style--right=\"state.imageButtonRight\"\n\t\t\tdata-wp-style--top=\"state.imageButtonTop\"\n\t\t>\n\t\t\t<svg xmlns=\"http:\/\/www.w3.org\/2000\/svg\" width=\"12\" height=\"12\" fill=\"none\" viewBox=\"0 0 12 12\">\n\t\t\t\t<path fill=\"#fff\" d=\"M2 0a2 2 0 0 0-2 2v2h1.5V2a.5.5 0 0 1 .5-.5h2V0H2Zm2 10.5H2a.5.5 0 0 1-.5-.5V8H0v2a2 2 0 0 0 2 2h2v-1.5ZM8 12v-1.5h2a.5.5 0 0 0 .5-.5V8H12v2a2 2 0 0 1-2 2H8Zm2-12a2 2 0 0 1 2 2v2h-1.5V2a.5.5 0 0 0-.5-.5H8V0h2Z\" \/>\n\t\t\t<\/svg>\n\t\t<\/button><\/figure>\n\n\n\n<p class=\"has-small-font-size\">Aliquam tempus mi nulla porta luctus. Sed non neque at lectus bibendum blandit. Morbi fringilla sapien libero.<\/p>\n<\/div>\n<\/div>\n<\/div><\/div>\n\n\n\n<div class=\"wp-block-group alignfull\"><div class=\"wp-block-group__inner-container is-layout-flow wp-block-group-is-layout-flow\">\n<p class=\"has-text-align-center has-h-3-font-size\">Terrasse piscine<\/p>\n\n\n\n<div class=\"wp-block-columns alignwide tw-cols-stack-sm is-layout-flex wp-container-core-columns-is-layout-d0b3c9c8 wp-block-columns-is-layout-flex\">\n<div class=\"wp-block-column is-layout-flow wp-block-column-is-layout-flow\">\n<figure data-wp-context=\"{&quot;imageId&quot;:&quot;69d50e7759449&quot;}\" data-wp-interactive=\"core\/image\" data-wp-key=\"69d50e7759449\" class=\"wp-block-image size-full wp-lightbox-container\"><img loading=\"lazy\" decoding=\"async\" width=\"800\" height=\"600\" data-wp-class--hide=\"state.isContentHidden\" data-wp-class--show=\"state.isContentVisible\" data-wp-init=\"callbacks.setButtonStyles\" data-wp-on--click=\"actions.showLightbox\" data-wp-on--load=\"callbacks.setButtonStyles\" data-wp-on-window--resize=\"callbacks.setButtonStyles\" src=\"https:\/\/satori-ecoconstruction-09.fr\/wp-content\/uploads\/2024\/09\/IMG_20200907_182200.jpg\" alt=\"\" class=\"wp-image-610\" srcset=\"https:\/\/satori-ecoconstruction-09.fr\/wp-content\/uploads\/2024\/09\/IMG_20200907_182200.jpg 800w, https:\/\/satori-ecoconstruction-09.fr\/wp-content\/uploads\/2024\/09\/IMG_20200907_182200-300x225.jpg 300w, https:\/\/satori-ecoconstruction-09.fr\/wp-content\/uploads\/2024\/09\/IMG_20200907_182200-768x576.jpg 768w\" sizes=\"auto, (max-width: 800px) 100vw, 800px\" \/><button\n\t\t\tclass=\"lightbox-trigger\"\n\t\t\ttype=\"button\"\n\t\t\taria-haspopup=\"dialog\"\n\t\t\taria-label=\"Agrandir\"\n\t\t\tdata-wp-init=\"callbacks.initTriggerButton\"\n\t\t\tdata-wp-on--click=\"actions.showLightbox\"\n\t\t\tdata-wp-style--right=\"state.imageButtonRight\"\n\t\t\tdata-wp-style--top=\"state.imageButtonTop\"\n\t\t>\n\t\t\t<svg xmlns=\"http:\/\/www.w3.org\/2000\/svg\" width=\"12\" height=\"12\" fill=\"none\" viewBox=\"0 0 12 12\">\n\t\t\t\t<path fill=\"#fff\" d=\"M2 0a2 2 0 0 0-2 2v2h1.5V2a.5.5 0 0 1 .5-.5h2V0H2Zm2 10.5H2a.5.5 0 0 1-.5-.5V8H0v2a2 2 0 0 0 2 2h2v-1.5ZM8 12v-1.5h2a.5.5 0 0 0 .5-.5V8H12v2a2 2 0 0 1-2 2H8Zm2-12a2 2 0 0 1 2 2v2h-1.5V2a.5.5 0 0 0-.5-.5H8V0h2Z\" \/>\n\t\t\t<\/svg>\n\t\t<\/button><\/figure>\n\n\n\n<p class=\"has-small-font-size\">Lorem ipsum dolor sit amet, commodo erat adipiscing elit. Sed do eiusmod ut tempor incididunt ut labore et dolore.<\/p>\n<\/div>\n\n\n\n<div class=\"wp-block-column is-layout-flow wp-block-column-is-layout-flow\">\n<figure data-wp-context=\"{&quot;imageId&quot;:&quot;69d50e7759b5c&quot;}\" data-wp-interactive=\"core\/image\" data-wp-key=\"69d50e7759b5c\" class=\"wp-block-image size-full wp-lightbox-container\"><img loading=\"lazy\" decoding=\"async\" width=\"800\" height=\"600\" data-wp-class--hide=\"state.isContentHidden\" data-wp-class--show=\"state.isContentVisible\" data-wp-init=\"callbacks.setButtonStyles\" data-wp-on--click=\"actions.showLightbox\" data-wp-on--load=\"callbacks.setButtonStyles\" data-wp-on-window--resize=\"callbacks.setButtonStyles\" src=\"https:\/\/satori-ecoconstruction-09.fr\/wp-content\/uploads\/2024\/09\/IMG_20200907_182133.jpg\" alt=\"\" class=\"wp-image-611\" srcset=\"https:\/\/satori-ecoconstruction-09.fr\/wp-content\/uploads\/2024\/09\/IMG_20200907_182133.jpg 800w, https:\/\/satori-ecoconstruction-09.fr\/wp-content\/uploads\/2024\/09\/IMG_20200907_182133-300x225.jpg 300w, https:\/\/satori-ecoconstruction-09.fr\/wp-content\/uploads\/2024\/09\/IMG_20200907_182133-768x576.jpg 768w\" sizes=\"auto, (max-width: 800px) 100vw, 800px\" \/><button\n\t\t\tclass=\"lightbox-trigger\"\n\t\t\ttype=\"button\"\n\t\t\taria-haspopup=\"dialog\"\n\t\t\taria-label=\"Agrandir\"\n\t\t\tdata-wp-init=\"callbacks.initTriggerButton\"\n\t\t\tdata-wp-on--click=\"actions.showLightbox\"\n\t\t\tdata-wp-style--right=\"state.imageButtonRight\"\n\t\t\tdata-wp-style--top=\"state.imageButtonTop\"\n\t\t>\n\t\t\t<svg xmlns=\"http:\/\/www.w3.org\/2000\/svg\" width=\"12\" height=\"12\" fill=\"none\" viewBox=\"0 0 12 12\">\n\t\t\t\t<path fill=\"#fff\" d=\"M2 0a2 2 0 0 0-2 2v2h1.5V2a.5.5 0 0 1 .5-.5h2V0H2Zm2 10.5H2a.5.5 0 0 1-.5-.5V8H0v2a2 2 0 0 0 2 2h2v-1.5ZM8 12v-1.5h2a.5.5 0 0 0 .5-.5V8H12v2a2 2 0 0 1-2 2H8Zm2-12a2 2 0 0 1 2 2v2h-1.5V2a.5.5 0 0 0-.5-.5H8V0h2Z\" \/>\n\t\t\t<\/svg>\n\t\t<\/button><\/figure>\n\n\n\n<p class=\"has-small-font-size\">Aliquam tempus mi nulla porta luctus. Sed non neque at lectus bibendum blandit. Morbi fringilla sapien libero.<\/p>\n<\/div>\n<\/div>\n<\/div><\/div>\n","protected":false},"excerpt":{"rendered":"<p>Mur pierre maconn\u00e9es &amp; cloture bois m\u00e9tal Lorem ipsum dolor sit amet, commodo erat adipiscing elit. Sed do eiusmod ut tempor incididunt ut labore et dolore. Aliquam tempus mi nulla porta luctus. Sed non neque at lectus bibendum blandit. Morbi fringilla sapien libero. Terrasse piscine Lorem ipsum dolor sit amet, commodo erat adipiscing elit. Sed&hellip;<\/p>\n","protected":false},"author":1,"featured_media":0,"parent":0,"menu_order":0,"comment_status":"closed","ping_status":"closed","template":"","meta":{"footnotes":""},"class_list":["post-616","page","type-page","status-publish","hentry"],"yoast_head":"<!-- This site is optimized with the Yoast SEO plugin v26.8 - https:\/\/yoast.com\/product\/yoast-seo-wordpress\/ -->\n<title>Am\u00e9nagement ext\u00e9rieur - Satori Ecoconstruction 09<\/title>\n<meta name=\"robots\" content=\"index, follow, max-snippet:-1, max-image-preview:large, max-video-preview:-1\" \/>\n<link rel=\"canonical\" href=\"https:\/\/satori-ecoconstruction-09.fr\/index.php\/amenagement-exterieur\/\" \/>\n<meta property=\"og:locale\" content=\"fr_FR\" \/>\n<meta property=\"og:type\" content=\"article\" \/>\n<meta property=\"og:title\" content=\"Am\u00e9nagement ext\u00e9rieur - Satori Ecoconstruction 09\" \/>\n<meta property=\"og:description\" content=\"Mur pierre maconn\u00e9es &amp; cloture bois m\u00e9tal Lorem ipsum dolor sit amet, commodo erat adipiscing elit. Sed do eiusmod ut tempor incididunt ut labore et dolore. Aliquam tempus mi nulla porta luctus. Sed non neque at lectus bibendum blandit. Morbi fringilla sapien libero. Terrasse piscine Lorem ipsum dolor sit amet, commodo erat adipiscing elit. Sed&hellip;\" \/>\n<meta property=\"og:url\" content=\"https:\/\/satori-ecoconstruction-09.fr\/index.php\/amenagement-exterieur\/\" \/>\n<meta property=\"og:site_name\" content=\"Satori Ecoconstruction 09\" \/>\n<meta property=\"article:modified_time\" content=\"2024-09-22T17:41:40+00:00\" \/>\n<meta property=\"og:image\" content=\"https:\/\/satori-ecoconstruction-09.fr\/wp-content\/uploads\/2024\/09\/1717337503902.jpg\" \/>\n<meta name=\"twitter:card\" content=\"summary_large_image\" \/>\n<meta name=\"twitter:label1\" content=\"Dur\u00e9e de lecture estim\u00e9e\" \/>\n\t<meta name=\"twitter:data1\" content=\"2 minutes\" \/>\n<script type=\"application\/ld+json\" class=\"yoast-schema-graph\">{\"@context\":\"https:\/\/schema.org\",\"@graph\":[{\"@type\":\"WebPage\",\"@id\":\"https:\/\/satori-ecoconstruction-09.fr\/index.php\/amenagement-exterieur\/\",\"url\":\"https:\/\/satori-ecoconstruction-09.fr\/index.php\/amenagement-exterieur\/\",\"name\":\"Am\u00e9nagement ext\u00e9rieur - Satori Ecoconstruction 09\",\"isPartOf\":{\"@id\":\"https:\/\/satori-ecoconstruction-09.fr\/#website\"},\"primaryImageOfPage\":{\"@id\":\"https:\/\/satori-ecoconstruction-09.fr\/index.php\/amenagement-exterieur\/#primaryimage\"},\"image\":{\"@id\":\"https:\/\/satori-ecoconstruction-09.fr\/index.php\/amenagement-exterieur\/#primaryimage\"},\"thumbnailUrl\":\"https:\/\/satori-ecoconstruction-09.fr\/wp-content\/uploads\/2024\/09\/1717337503902.jpg\",\"datePublished\":\"2024-09-22T16:58:07+00:00\",\"dateModified\":\"2024-09-22T17:41:40+00:00\",\"breadcrumb\":{\"@id\":\"https:\/\/satori-ecoconstruction-09.fr\/index.php\/amenagement-exterieur\/#breadcrumb\"},\"inLanguage\":\"fr-FR\",\"potentialAction\":[{\"@type\":\"ReadAction\",\"target\":[\"https:\/\/satori-ecoconstruction-09.fr\/index.php\/amenagement-exterieur\/\"]}]},{\"@type\":\"ImageObject\",\"inLanguage\":\"fr-FR\",\"@id\":\"https:\/\/satori-ecoconstruction-09.fr\/index.php\/amenagement-exterieur\/#primaryimage\",\"url\":\"https:\/\/satori-ecoconstruction-09.fr\/wp-content\/uploads\/2024\/09\/1717337503902.jpg\",\"contentUrl\":\"https:\/\/satori-ecoconstruction-09.fr\/wp-content\/uploads\/2024\/09\/1717337503902.jpg\",\"width\":800,\"height\":600},{\"@type\":\"BreadcrumbList\",\"@id\":\"https:\/\/satori-ecoconstruction-09.fr\/index.php\/amenagement-exterieur\/#breadcrumb\",\"itemListElement\":[{\"@type\":\"ListItem\",\"position\":1,\"name\":\"Accueil\",\"item\":\"https:\/\/satori-ecoconstruction-09.fr\/\"},{\"@type\":\"ListItem\",\"position\":2,\"name\":\"Am\u00e9nagement ext\u00e9rieur\"}]},{\"@type\":\"WebSite\",\"@id\":\"https:\/\/satori-ecoconstruction-09.fr\/#website\",\"url\":\"https:\/\/satori-ecoconstruction-09.fr\/\",\"name\":\"Satori Ecoconstruction 09\",\"description\":\"Artisan en habitat durable\",\"publisher\":{\"@id\":\"https:\/\/satori-ecoconstruction-09.fr\/#organization\"},\"potentialAction\":[{\"@type\":\"SearchAction\",\"target\":{\"@type\":\"EntryPoint\",\"urlTemplate\":\"https:\/\/satori-ecoconstruction-09.fr\/?s={search_term_string}\"},\"query-input\":{\"@type\":\"PropertyValueSpecification\",\"valueRequired\":true,\"valueName\":\"search_term_string\"}}],\"inLanguage\":\"fr-FR\"},{\"@type\":\"Organization\",\"@id\":\"https:\/\/satori-ecoconstruction-09.fr\/#organization\",\"name\":\"Satori Ecoconstruction 09\",\"url\":\"https:\/\/satori-ecoconstruction-09.fr\/\",\"logo\":{\"@type\":\"ImageObject\",\"inLanguage\":\"fr-FR\",\"@id\":\"https:\/\/satori-ecoconstruction-09.fr\/#\/schema\/logo\/image\/\",\"url\":\"https:\/\/satori-ecoconstruction-09.fr\/wp-content\/uploads\/2024\/07\/cropped-sato-rectFichier-8-1.png\",\"contentUrl\":\"https:\/\/satori-ecoconstruction-09.fr\/wp-content\/uploads\/2024\/07\/cropped-sato-rectFichier-8-1.png\",\"width\":1372,\"height\":259,\"caption\":\"Satori Ecoconstruction 09\"},\"image\":{\"@id\":\"https:\/\/satori-ecoconstruction-09.fr\/#\/schema\/logo\/image\/\"}}]}<\/script>\n<!-- \/ Yoast SEO plugin. -->","yoast_head_json":{"title":"Am\u00e9nagement ext\u00e9rieur - Satori Ecoconstruction 09","robots":{"index":"index","follow":"follow","max-snippet":"max-snippet:-1","max-image-preview":"max-image-preview:large","max-video-preview":"max-video-preview:-1"},"canonical":"https:\/\/satori-ecoconstruction-09.fr\/index.php\/amenagement-exterieur\/","og_locale":"fr_FR","og_type":"article","og_title":"Am\u00e9nagement ext\u00e9rieur - Satori Ecoconstruction 09","og_description":"Mur pierre maconn\u00e9es &amp; cloture bois m\u00e9tal Lorem ipsum dolor sit amet, commodo erat adipiscing elit. Sed do eiusmod ut tempor incididunt ut labore et dolore. Aliquam tempus mi nulla porta luctus. Sed non neque at lectus bibendum blandit. Morbi fringilla sapien libero. Terrasse piscine Lorem ipsum dolor sit amet, commodo erat adipiscing elit. Sed&hellip;","og_url":"https:\/\/satori-ecoconstruction-09.fr\/index.php\/amenagement-exterieur\/","og_site_name":"Satori Ecoconstruction 09","article_modified_time":"2024-09-22T17:41:40+00:00","og_image":[{"url":"https:\/\/satori-ecoconstruction-09.fr\/wp-content\/uploads\/2024\/09\/1717337503902.jpg","type":"","width":"","height":""}],"twitter_card":"summary_large_image","twitter_misc":{"Dur\u00e9e de lecture estim\u00e9e":"2 minutes"},"schema":{"@context":"https:\/\/schema.org","@graph":[{"@type":"WebPage","@id":"https:\/\/satori-ecoconstruction-09.fr\/index.php\/amenagement-exterieur\/","url":"https:\/\/satori-ecoconstruction-09.fr\/index.php\/amenagement-exterieur\/","name":"Am\u00e9nagement ext\u00e9rieur - Satori Ecoconstruction 09","isPartOf":{"@id":"https:\/\/satori-ecoconstruction-09.fr\/#website"},"primaryImageOfPage":{"@id":"https:\/\/satori-ecoconstruction-09.fr\/index.php\/amenagement-exterieur\/#primaryimage"},"image":{"@id":"https:\/\/satori-ecoconstruction-09.fr\/index.php\/amenagement-exterieur\/#primaryimage"},"thumbnailUrl":"https:\/\/satori-ecoconstruction-09.fr\/wp-content\/uploads\/2024\/09\/1717337503902.jpg","datePublished":"2024-09-22T16:58:07+00:00","dateModified":"2024-09-22T17:41:40+00:00","breadcrumb":{"@id":"https:\/\/satori-ecoconstruction-09.fr\/index.php\/amenagement-exterieur\/#breadcrumb"},"inLanguage":"fr-FR","potentialAction":[{"@type":"ReadAction","target":["https:\/\/satori-ecoconstruction-09.fr\/index.php\/amenagement-exterieur\/"]}]},{"@type":"ImageObject","inLanguage":"fr-FR","@id":"https:\/\/satori-ecoconstruction-09.fr\/index.php\/amenagement-exterieur\/#primaryimage","url":"https:\/\/satori-ecoconstruction-09.fr\/wp-content\/uploads\/2024\/09\/1717337503902.jpg","contentUrl":"https:\/\/satori-ecoconstruction-09.fr\/wp-content\/uploads\/2024\/09\/1717337503902.jpg","width":800,"height":600},{"@type":"BreadcrumbList","@id":"https:\/\/satori-ecoconstruction-09.fr\/index.php\/amenagement-exterieur\/#breadcrumb","itemListElement":[{"@type":"ListItem","position":1,"name":"Accueil","item":"https:\/\/satori-ecoconstruction-09.fr\/"},{"@type":"ListItem","position":2,"name":"Am\u00e9nagement ext\u00e9rieur"}]},{"@type":"WebSite","@id":"https:\/\/satori-ecoconstruction-09.fr\/#website","url":"https:\/\/satori-ecoconstruction-09.fr\/","name":"Satori Ecoconstruction 09","description":"Artisan en habitat durable","publisher":{"@id":"https:\/\/satori-ecoconstruction-09.fr\/#organization"},"potentialAction":[{"@type":"SearchAction","target":{"@type":"EntryPoint","urlTemplate":"https:\/\/satori-ecoconstruction-09.fr\/?s={search_term_string}"},"query-input":{"@type":"PropertyValueSpecification","valueRequired":true,"valueName":"search_term_string"}}],"inLanguage":"fr-FR"},{"@type":"Organization","@id":"https:\/\/satori-ecoconstruction-09.fr\/#organization","name":"Satori Ecoconstruction 09","url":"https:\/\/satori-ecoconstruction-09.fr\/","logo":{"@type":"ImageObject","inLanguage":"fr-FR","@id":"https:\/\/satori-ecoconstruction-09.fr\/#\/schema\/logo\/image\/","url":"https:\/\/satori-ecoconstruction-09.fr\/wp-content\/uploads\/2024\/07\/cropped-sato-rectFichier-8-1.png","contentUrl":"https:\/\/satori-ecoconstruction-09.fr\/wp-content\/uploads\/2024\/07\/cropped-sato-rectFichier-8-1.png","width":1372,"height":259,"caption":"Satori Ecoconstruction 09"},"image":{"@id":"https:\/\/satori-ecoconstruction-09.fr\/#\/schema\/logo\/image\/"}}]}},"_links":{"self":[{"href":"https:\/\/satori-ecoconstruction-09.fr\/index.php\/wp-json\/wp\/v2\/pages\/616","targetHints":{"allow":["GET"]}}],"collection":[{"href":"https:\/\/satori-ecoconstruction-09.fr\/index.php\/wp-json\/wp\/v2\/pages"}],"about":[{"href":"https:\/\/satori-ecoconstruction-09.fr\/index.php\/wp-json\/wp\/v2\/types\/page"}],"author":[{"embeddable":true,"href":"https:\/\/satori-ecoconstruction-09.fr\/index.php\/wp-json\/wp\/v2\/users\/1"}],"replies":[{"embeddable":true,"href":"https:\/\/satori-ecoconstruction-09.fr\/index.php\/wp-json\/wp\/v2\/comments?post=616"}],"version-history":[{"count":3,"href":"https:\/\/satori-ecoconstruction-09.fr\/index.php\/wp-json\/wp\/v2\/pages\/616\/revisions"}],"predecessor-version":[{"id":671,"href":"https:\/\/satori-ecoconstruction-09.fr\/index.php\/wp-json\/wp\/v2\/pages\/616\/revisions\/671"}],"wp:attachment":[{"href":"https:\/\/satori-ecoconstruction-09.fr\/index.php\/wp-json\/wp\/v2\/media?parent=616"}],"curies":[{"name":"wp","href":"https:\/\/api.w.org\/{rel}","templated":true}]}}