{"id":454,"date":"2024-08-18T16:58:34","date_gmt":"2024-08-18T14:58:34","guid":{"rendered":"https:\/\/satori-ecoconstruction-09.fr\/?page_id=454"},"modified":"2024-09-22T20:10:01","modified_gmt":"2024-09-22T18:10:01","slug":"peintures","status":"publish","type":"page","link":"https:\/\/satori-ecoconstruction-09.fr\/index.php\/peintures\/","title":{"rendered":"Peintures Naturels"},"content":{"rendered":"\n<div class=\"wp-block-group alignfull\"><div class=\"wp-block-group__inner-container is-layout-flow wp-block-group-is-layout-flow\">\n<h2 class=\"wp-block-heading has-text-align-center\">Des couleurs naturelles pour un int\u00e9rieur esthetique et sain<\/h2>\n\n\n\n<p class=\"has-text-align-left\">Je travaille avec des peintures \u00e9cologiques \u00e0 base de composants naturels, sans solvants ni substances nocives. Ces peintures offrent une large palette de couleurs et une excellente couvrance, tout en \u00e9tant respectueuses de la sant\u00e9 et de la plan\u00e8te. En utilisant des peintures \u00e9cologiques, vous assurez un int\u00e9rieur sain et esth\u00e9tique.<\/p>\n\n\n\n<div class=\"wp-block-columns alignwide tw-cols-card tw-cols-card-shadow tw-stretched-media is-layout-flex wp-container-core-columns-is-layout-d0b3c9c8 wp-block-columns-is-layout-flex\">\n<div class=\"wp-block-column is-layout-flow wp-block-column-is-layout-flow\">\n<figure class=\"wp-block-image size-large\"><img loading=\"lazy\" decoding=\"async\" width=\"1024\" height=\"726\" src=\"https:\/\/satori-ecoconstruction-09.fr\/wp-content\/uploads\/2024\/09\/Capture-decran-2024-09-22-a-19.23.19-1024x726.png\" alt=\"\" class=\"wp-image-657\" srcset=\"https:\/\/satori-ecoconstruction-09.fr\/wp-content\/uploads\/2024\/09\/Capture-decran-2024-09-22-a-19.23.19-1024x726.png 1024w, https:\/\/satori-ecoconstruction-09.fr\/wp-content\/uploads\/2024\/09\/Capture-decran-2024-09-22-a-19.23.19-300x213.png 300w, https:\/\/satori-ecoconstruction-09.fr\/wp-content\/uploads\/2024\/09\/Capture-decran-2024-09-22-a-19.23.19-768x545.png 768w, https:\/\/satori-ecoconstruction-09.fr\/wp-content\/uploads\/2024\/09\/Capture-decran-2024-09-22-a-19.23.19.png 1134w\" sizes=\"auto, (max-width: 1024px) 100vw, 1024px\" \/><\/figure>\n\n\n\n<h3 class=\"wp-block-heading has-h-5-font-size\">Peintures \u00e0 la chaux<\/h3>\n\n\n\n<p>Les peintures \u00e0 la chaux sont une solution naturelle et durable pour vos murs. Elles offrent une excellente perm\u00e9abilit\u00e9 \u00e0 la vapeur d&rsquo;eau, ce qui aide \u00e0 r\u00e9guler l&rsquo;humidit\u00e9 et \u00e0 pr\u00e9venir la formation de moisissures. <\/p>\n\n\n\n<p>De plus, la chaux est un mat\u00e9riau non toxique et hypoallerg\u00e9nique, id\u00e9al pour les personnes sensibles.<\/p>\n<\/div>\n\n\n\n<div class=\"wp-block-column is-layout-flow wp-block-column-is-layout-flow\">\n<figure class=\"wp-block-image size-large\"><img loading=\"lazy\" decoding=\"async\" width=\"1024\" height=\"628\" src=\"https:\/\/satori-ecoconstruction-09.fr\/wp-content\/uploads\/2024\/09\/Capture-decran-2024-09-22-a-19.24.05-1024x628.png\" alt=\"\" class=\"wp-image-658\" srcset=\"https:\/\/satori-ecoconstruction-09.fr\/wp-content\/uploads\/2024\/09\/Capture-decran-2024-09-22-a-19.24.05-1024x628.png 1024w, https:\/\/satori-ecoconstruction-09.fr\/wp-content\/uploads\/2024\/09\/Capture-decran-2024-09-22-a-19.24.05-300x184.png 300w, https:\/\/satori-ecoconstruction-09.fr\/wp-content\/uploads\/2024\/09\/Capture-decran-2024-09-22-a-19.24.05-768x471.png 768w, https:\/\/satori-ecoconstruction-09.fr\/wp-content\/uploads\/2024\/09\/Capture-decran-2024-09-22-a-19.24.05-1200x736.png 1200w, https:\/\/satori-ecoconstruction-09.fr\/wp-content\/uploads\/2024\/09\/Capture-decran-2024-09-22-a-19.24.05.png 1230w\" sizes=\"auto, (max-width: 1024px) 100vw, 1024px\" \/><\/figure>\n\n\n\n<h3 class=\"wp-block-heading has-h-5-font-size\"><strong>Peintures \u00e0 l&rsquo;argile<\/strong><\/h3>\n\n\n\n<p>Les peintures \u00e0 l&rsquo;argile sont parfaites pour cr\u00e9er une ambiance chaleureuse et naturelle dans votre maison. L&rsquo;argile est un mat\u00e9riau respirant qui r\u00e9gule l&rsquo;humidit\u00e9 et absorbe les odeurs, contribuant ainsi \u00e0 une meilleure qualit\u00e9 de l&rsquo;air int\u00e9rieur. <\/p>\n\n\n\n<p>En choisissant des peintures \u00e0 l&rsquo;argile, vous optez pour une solution \u00e9cologique et esth\u00e9tique.<\/p>\n<\/div>\n<\/div>\n\n\n\n<div class=\"wp-block-columns alignwide tw-cols-card tw-cols-card-shadow tw-stretched-media is-layout-flex wp-container-core-columns-is-layout-d0b3c9c8 wp-block-columns-is-layout-flex\">\n<div class=\"wp-block-column is-layout-flow wp-block-column-is-layout-flow\">\n<figure class=\"wp-block-image size-full\"><img loading=\"lazy\" decoding=\"async\" width=\"802\" height=\"576\" src=\"https:\/\/satori-ecoconstruction-09.fr\/wp-content\/uploads\/2024\/09\/Capture-decran-2024-09-22-a-19.24.37.png\" alt=\"\" class=\"wp-image-660\" srcset=\"https:\/\/satori-ecoconstruction-09.fr\/wp-content\/uploads\/2024\/09\/Capture-decran-2024-09-22-a-19.24.37.png 802w, https:\/\/satori-ecoconstruction-09.fr\/wp-content\/uploads\/2024\/09\/Capture-decran-2024-09-22-a-19.24.37-300x215.png 300w, https:\/\/satori-ecoconstruction-09.fr\/wp-content\/uploads\/2024\/09\/Capture-decran-2024-09-22-a-19.24.37-768x552.png 768w\" sizes=\"auto, (max-width: 802px) 100vw, 802px\" \/><\/figure>\n\n\n\n<h3 class=\"wp-block-heading has-h-5-font-size\">Peintures \u00e0 la cas\u00e9ine<\/h3>\n\n\n\n<p>Les peintures \u00e0 la cas\u00e9ine sont une option \u00e9cologique et durable pour vos murs. Elles offrent une excellente adh\u00e9rence et une bonne r\u00e9sistance \u00e0 l&rsquo;eau, tout en \u00e9tant non toxiques et respectueuses de l&rsquo;environnement. <\/p>\n\n\n\n<p>La cas\u00e9ine est \u00e9galement un mat\u00e9riau respirant qui r\u00e9gule l&rsquo;humidit\u00e9 et am\u00e9liore la qualit\u00e9 de l&rsquo;air int\u00e9rieur.<\/p>\n<\/div>\n\n\n\n<div class=\"wp-block-column is-layout-flow wp-block-column-is-layout-flow\">\n<figure class=\"wp-block-image size-full\"><img loading=\"lazy\" decoding=\"async\" width=\"800\" height=\"600\" src=\"https:\/\/satori-ecoconstruction-09.fr\/wp-content\/uploads\/2024\/09\/IMG_20220415_133506-1.jpg\" alt=\"\" class=\"wp-image-567\" srcset=\"https:\/\/satori-ecoconstruction-09.fr\/wp-content\/uploads\/2024\/09\/IMG_20220415_133506-1.jpg 800w, https:\/\/satori-ecoconstruction-09.fr\/wp-content\/uploads\/2024\/09\/IMG_20220415_133506-1-300x225.jpg 300w, https:\/\/satori-ecoconstruction-09.fr\/wp-content\/uploads\/2024\/09\/IMG_20220415_133506-1-768x576.jpg 768w\" sizes=\"auto, (max-width: 800px) 100vw, 800px\" \/><\/figure>\n\n\n\n<h3 class=\"wp-block-heading has-h-5-font-size\"><strong>Transformez  votre habitat en un espace durable et confortable<\/strong><\/h3>\n\n\n\n<p>En choisissant mon expertise en enduits et peintures \u00e9cologiques, vous optez pour des solutions durables et respectueuses de l&rsquo;environnement. Utilisant des mat\u00e9riaux naturels et des techniques \u00e9cologiques, je transforme vos espaces de vie en lieux sains, esth\u00e9tiques et confortables. <\/p>\n<\/div>\n<\/div>\n\n\n\n<p class=\"has-text-align-left\">Contactez-moi d\u00e8s aujourd&rsquo;hui pour discuter de votre projet et d\u00e9couvrir comment je peux vous aider \u00e0 cr\u00e9er un habitat en harmonie avec la nature.<\/p>\n<\/div><\/div>\n\n\n\n<p><\/p>\n","protected":false},"excerpt":{"rendered":"<p>Des couleurs naturelles pour un int\u00e9rieur esthetique et sain Je travaille avec des peintures \u00e9cologiques \u00e0 base de composants naturels, sans solvants ni substances nocives. Ces peintures offrent une large palette de couleurs et une excellente couvrance, tout en \u00e9tant respectueuses de la sant\u00e9 et de la plan\u00e8te. En utilisant des peintures \u00e9cologiques, vous assurez&hellip;<\/p>\n","protected":false},"author":1,"featured_media":0,"parent":0,"menu_order":0,"comment_status":"closed","ping_status":"closed","template":"","meta":{"footnotes":""},"class_list":["post-454","page","type-page","status-publish","hentry"],"yoast_head":"<!-- This site is optimized with the Yoast SEO plugin v26.8 - https:\/\/yoast.com\/product\/yoast-seo-wordpress\/ -->\n<title>Peintures Naturels - Satori Ecoconstruction 09<\/title>\n<meta name=\"robots\" content=\"index, follow, max-snippet:-1, max-image-preview:large, max-video-preview:-1\" \/>\n<link rel=\"canonical\" href=\"https:\/\/satori-ecoconstruction-09.fr\/index.php\/peintures\/\" \/>\n<meta property=\"og:locale\" content=\"fr_FR\" \/>\n<meta property=\"og:type\" content=\"article\" \/>\n<meta property=\"og:title\" content=\"Peintures Naturels - Satori Ecoconstruction 09\" \/>\n<meta property=\"og:description\" content=\"Des couleurs naturelles pour un int\u00e9rieur esthetique et sain Je travaille avec des peintures \u00e9cologiques \u00e0 base de composants naturels, sans solvants ni substances nocives. Ces peintures offrent une large palette de couleurs et une excellente couvrance, tout en \u00e9tant respectueuses de la sant\u00e9 et de la plan\u00e8te. En utilisant des peintures \u00e9cologiques, vous assurez&hellip;\" \/>\n<meta property=\"og:url\" content=\"https:\/\/satori-ecoconstruction-09.fr\/index.php\/peintures\/\" \/>\n<meta property=\"og:site_name\" content=\"Satori Ecoconstruction 09\" \/>\n<meta property=\"article:modified_time\" content=\"2024-09-22T18:10:01+00:00\" \/>\n<meta property=\"og:image\" content=\"https:\/\/satori-ecoconstruction-09.fr\/wp-content\/uploads\/2024\/09\/Capture-decran-2024-09-22-a-19.23.19-1024x726.png\" \/>\n<meta name=\"twitter:card\" content=\"summary_large_image\" \/>\n<meta name=\"twitter:label1\" content=\"Dur\u00e9e de lecture estim\u00e9e\" \/>\n\t<meta name=\"twitter:data1\" content=\"3 minutes\" \/>\n<script type=\"application\/ld+json\" class=\"yoast-schema-graph\">{\"@context\":\"https:\/\/schema.org\",\"@graph\":[{\"@type\":\"WebPage\",\"@id\":\"https:\/\/satori-ecoconstruction-09.fr\/index.php\/peintures\/\",\"url\":\"https:\/\/satori-ecoconstruction-09.fr\/index.php\/peintures\/\",\"name\":\"Peintures Naturels - Satori Ecoconstruction 09\",\"isPartOf\":{\"@id\":\"https:\/\/satori-ecoconstruction-09.fr\/#website\"},\"primaryImageOfPage\":{\"@id\":\"https:\/\/satori-ecoconstruction-09.fr\/index.php\/peintures\/#primaryimage\"},\"image\":{\"@id\":\"https:\/\/satori-ecoconstruction-09.fr\/index.php\/peintures\/#primaryimage\"},\"thumbnailUrl\":\"https:\/\/satori-ecoconstruction-09.fr\/wp-content\/uploads\/2024\/09\/Capture-decran-2024-09-22-a-19.23.19-1024x726.png\",\"datePublished\":\"2024-08-18T14:58:34+00:00\",\"dateModified\":\"2024-09-22T18:10:01+00:00\",\"breadcrumb\":{\"@id\":\"https:\/\/satori-ecoconstruction-09.fr\/index.php\/peintures\/#breadcrumb\"},\"inLanguage\":\"fr-FR\",\"potentialAction\":[{\"@type\":\"ReadAction\",\"target\":[\"https:\/\/satori-ecoconstruction-09.fr\/index.php\/peintures\/\"]}]},{\"@type\":\"ImageObject\",\"inLanguage\":\"fr-FR\",\"@id\":\"https:\/\/satori-ecoconstruction-09.fr\/index.php\/peintures\/#primaryimage\",\"url\":\"https:\/\/satori-ecoconstruction-09.fr\/wp-content\/uploads\/2024\/09\/Capture-decran-2024-09-22-a-19.23.19.png\",\"contentUrl\":\"https:\/\/satori-ecoconstruction-09.fr\/wp-content\/uploads\/2024\/09\/Capture-decran-2024-09-22-a-19.23.19.png\",\"width\":1134,\"height\":804},{\"@type\":\"BreadcrumbList\",\"@id\":\"https:\/\/satori-ecoconstruction-09.fr\/index.php\/peintures\/#breadcrumb\",\"itemListElement\":[{\"@type\":\"ListItem\",\"position\":1,\"name\":\"Accueil\",\"item\":\"https:\/\/satori-ecoconstruction-09.fr\/\"},{\"@type\":\"ListItem\",\"position\":2,\"name\":\"Peintures Naturels\"}]},{\"@type\":\"WebSite\",\"@id\":\"https:\/\/satori-ecoconstruction-09.fr\/#website\",\"url\":\"https:\/\/satori-ecoconstruction-09.fr\/\",\"name\":\"Satori Ecoconstruction 09\",\"description\":\"Artisan en habitat durable\",\"publisher\":{\"@id\":\"https:\/\/satori-ecoconstruction-09.fr\/#organization\"},\"potentialAction\":[{\"@type\":\"SearchAction\",\"target\":{\"@type\":\"EntryPoint\",\"urlTemplate\":\"https:\/\/satori-ecoconstruction-09.fr\/?s={search_term_string}\"},\"query-input\":{\"@type\":\"PropertyValueSpecification\",\"valueRequired\":true,\"valueName\":\"search_term_string\"}}],\"inLanguage\":\"fr-FR\"},{\"@type\":\"Organization\",\"@id\":\"https:\/\/satori-ecoconstruction-09.fr\/#organization\",\"name\":\"Satori Ecoconstruction 09\",\"url\":\"https:\/\/satori-ecoconstruction-09.fr\/\",\"logo\":{\"@type\":\"ImageObject\",\"inLanguage\":\"fr-FR\",\"@id\":\"https:\/\/satori-ecoconstruction-09.fr\/#\/schema\/logo\/image\/\",\"url\":\"https:\/\/satori-ecoconstruction-09.fr\/wp-content\/uploads\/2024\/07\/cropped-sato-rectFichier-8-1.png\",\"contentUrl\":\"https:\/\/satori-ecoconstruction-09.fr\/wp-content\/uploads\/2024\/07\/cropped-sato-rectFichier-8-1.png\",\"width\":1372,\"height\":259,\"caption\":\"Satori Ecoconstruction 09\"},\"image\":{\"@id\":\"https:\/\/satori-ecoconstruction-09.fr\/#\/schema\/logo\/image\/\"}}]}<\/script>\n<!-- \/ Yoast SEO plugin. -->","yoast_head_json":{"title":"Peintures Naturels - Satori Ecoconstruction 09","robots":{"index":"index","follow":"follow","max-snippet":"max-snippet:-1","max-image-preview":"max-image-preview:large","max-video-preview":"max-video-preview:-1"},"canonical":"https:\/\/satori-ecoconstruction-09.fr\/index.php\/peintures\/","og_locale":"fr_FR","og_type":"article","og_title":"Peintures Naturels - Satori Ecoconstruction 09","og_description":"Des couleurs naturelles pour un int\u00e9rieur esthetique et sain Je travaille avec des peintures \u00e9cologiques \u00e0 base de composants naturels, sans solvants ni substances nocives. Ces peintures offrent une large palette de couleurs et une excellente couvrance, tout en \u00e9tant respectueuses de la sant\u00e9 et de la plan\u00e8te. En utilisant des peintures \u00e9cologiques, vous assurez&hellip;","og_url":"https:\/\/satori-ecoconstruction-09.fr\/index.php\/peintures\/","og_site_name":"Satori Ecoconstruction 09","article_modified_time":"2024-09-22T18:10:01+00:00","og_image":[{"url":"https:\/\/satori-ecoconstruction-09.fr\/wp-content\/uploads\/2024\/09\/Capture-decran-2024-09-22-a-19.23.19-1024x726.png","type":"","width":"","height":""}],"twitter_card":"summary_large_image","twitter_misc":{"Dur\u00e9e de lecture estim\u00e9e":"3 minutes"},"schema":{"@context":"https:\/\/schema.org","@graph":[{"@type":"WebPage","@id":"https:\/\/satori-ecoconstruction-09.fr\/index.php\/peintures\/","url":"https:\/\/satori-ecoconstruction-09.fr\/index.php\/peintures\/","name":"Peintures Naturels - Satori Ecoconstruction 09","isPartOf":{"@id":"https:\/\/satori-ecoconstruction-09.fr\/#website"},"primaryImageOfPage":{"@id":"https:\/\/satori-ecoconstruction-09.fr\/index.php\/peintures\/#primaryimage"},"image":{"@id":"https:\/\/satori-ecoconstruction-09.fr\/index.php\/peintures\/#primaryimage"},"thumbnailUrl":"https:\/\/satori-ecoconstruction-09.fr\/wp-content\/uploads\/2024\/09\/Capture-decran-2024-09-22-a-19.23.19-1024x726.png","datePublished":"2024-08-18T14:58:34+00:00","dateModified":"2024-09-22T18:10:01+00:00","breadcrumb":{"@id":"https:\/\/satori-ecoconstruction-09.fr\/index.php\/peintures\/#breadcrumb"},"inLanguage":"fr-FR","potentialAction":[{"@type":"ReadAction","target":["https:\/\/satori-ecoconstruction-09.fr\/index.php\/peintures\/"]}]},{"@type":"ImageObject","inLanguage":"fr-FR","@id":"https:\/\/satori-ecoconstruction-09.fr\/index.php\/peintures\/#primaryimage","url":"https:\/\/satori-ecoconstruction-09.fr\/wp-content\/uploads\/2024\/09\/Capture-decran-2024-09-22-a-19.23.19.png","contentUrl":"https:\/\/satori-ecoconstruction-09.fr\/wp-content\/uploads\/2024\/09\/Capture-decran-2024-09-22-a-19.23.19.png","width":1134,"height":804},{"@type":"BreadcrumbList","@id":"https:\/\/satori-ecoconstruction-09.fr\/index.php\/peintures\/#breadcrumb","itemListElement":[{"@type":"ListItem","position":1,"name":"Accueil","item":"https:\/\/satori-ecoconstruction-09.fr\/"},{"@type":"ListItem","position":2,"name":"Peintures Naturels"}]},{"@type":"WebSite","@id":"https:\/\/satori-ecoconstruction-09.fr\/#website","url":"https:\/\/satori-ecoconstruction-09.fr\/","name":"Satori Ecoconstruction 09","description":"Artisan en habitat durable","publisher":{"@id":"https:\/\/satori-ecoconstruction-09.fr\/#organization"},"potentialAction":[{"@type":"SearchAction","target":{"@type":"EntryPoint","urlTemplate":"https:\/\/satori-ecoconstruction-09.fr\/?s={search_term_string}"},"query-input":{"@type":"PropertyValueSpecification","valueRequired":true,"valueName":"search_term_string"}}],"inLanguage":"fr-FR"},{"@type":"Organization","@id":"https:\/\/satori-ecoconstruction-09.fr\/#organization","name":"Satori Ecoconstruction 09","url":"https:\/\/satori-ecoconstruction-09.fr\/","logo":{"@type":"ImageObject","inLanguage":"fr-FR","@id":"https:\/\/satori-ecoconstruction-09.fr\/#\/schema\/logo\/image\/","url":"https:\/\/satori-ecoconstruction-09.fr\/wp-content\/uploads\/2024\/07\/cropped-sato-rectFichier-8-1.png","contentUrl":"https:\/\/satori-ecoconstruction-09.fr\/wp-content\/uploads\/2024\/07\/cropped-sato-rectFichier-8-1.png","width":1372,"height":259,"caption":"Satori Ecoconstruction 09"},"image":{"@id":"https:\/\/satori-ecoconstruction-09.fr\/#\/schema\/logo\/image\/"}}]}},"_links":{"self":[{"href":"https:\/\/satori-ecoconstruction-09.fr\/index.php\/wp-json\/wp\/v2\/pages\/454","targetHints":{"allow":["GET"]}}],"collection":[{"href":"https:\/\/satori-ecoconstruction-09.fr\/index.php\/wp-json\/wp\/v2\/pages"}],"about":[{"href":"https:\/\/satori-ecoconstruction-09.fr\/index.php\/wp-json\/wp\/v2\/types\/page"}],"author":[{"embeddable":true,"href":"https:\/\/satori-ecoconstruction-09.fr\/index.php\/wp-json\/wp\/v2\/users\/1"}],"replies":[{"embeddable":true,"href":"https:\/\/satori-ecoconstruction-09.fr\/index.php\/wp-json\/wp\/v2\/comments?post=454"}],"version-history":[{"count":11,"href":"https:\/\/satori-ecoconstruction-09.fr\/index.php\/wp-json\/wp\/v2\/pages\/454\/revisions"}],"predecessor-version":[{"id":672,"href":"https:\/\/satori-ecoconstruction-09.fr\/index.php\/wp-json\/wp\/v2\/pages\/454\/revisions\/672"}],"wp:attachment":[{"href":"https:\/\/satori-ecoconstruction-09.fr\/index.php\/wp-json\/wp\/v2\/media?parent=454"}],"curies":[{"name":"wp","href":"https:\/\/api.w.org\/{rel}","templated":true}]}}