{"id":436,"date":"2024-08-18T16:35:01","date_gmt":"2024-08-18T14:35:01","guid":{"rendered":"https:\/\/satori-ecoconstruction-09.fr\/?page_id=436"},"modified":"2024-09-22T19:46:16","modified_gmt":"2024-09-22T17:46:16","slug":"amenagement","status":"publish","type":"page","link":"https:\/\/satori-ecoconstruction-09.fr\/index.php\/amenagement\/","title":{"rendered":"Am\u00e9nagement Int\u00e9rieur \u00c9cologique"},"content":{"rendered":"\n<div class=\"wp-block-group alignfull\"><div class=\"wp-block-group__inner-container is-layout-flow wp-block-group-is-layout-flow\">\n<h2 class=\"wp-block-heading has-text-align-center\">Des espaces fonctionnels et Durables<\/h2>\n\n\n\n<p class=\"has-text-align-left\">Je suis sp\u00e9cialis\u00e9 dans l&rsquo;am\u00e9nagement int\u00e9rieur \u00e9cologique, utilisant des mat\u00e9riaux naturels et durables pour cr\u00e9er des espaces de vie sains et esth\u00e9tiques. Que ce soit pour la r\u00e9novation de votre cuisine, de votre salle de bain ou de vos espaces de vie, je vous propose des solutions respectueuses de l&rsquo;environnement et adapt\u00e9es \u00e0 vos besoins. D\u00e9couvrez comment je peux transformer votre habitat en un lieu confortable et durable.<\/p>\n\n\n\n<div class=\"wp-block-columns alignwide tw-cols-card tw-cols-card-shadow tw-stretched-media is-layout-flex wp-container-core-columns-is-layout-d0b3c9c8 wp-block-columns-is-layout-flex\">\n<div class=\"wp-block-column is-layout-flow wp-block-column-is-layout-flow\">\n<figure class=\"wp-block-image size-full\"><img loading=\"lazy\" decoding=\"async\" width=\"800\" height=\"600\" src=\"https:\/\/satori-ecoconstruction-09.fr\/wp-content\/uploads\/2024\/09\/IMG_20210519_161207.jpg\" alt=\"\" class=\"wp-image-606\" srcset=\"https:\/\/satori-ecoconstruction-09.fr\/wp-content\/uploads\/2024\/09\/IMG_20210519_161207.jpg 800w, https:\/\/satori-ecoconstruction-09.fr\/wp-content\/uploads\/2024\/09\/IMG_20210519_161207-300x225.jpg 300w, https:\/\/satori-ecoconstruction-09.fr\/wp-content\/uploads\/2024\/09\/IMG_20210519_161207-768x576.jpg 768w\" sizes=\"auto, (max-width: 800px) 100vw, 800px\" \/><\/figure>\n\n\n\n<h3 class=\"wp-block-heading has-h-5-font-size\">Am\u00e9nagement de cuisine<\/h3>\n\n\n\n<p>Transformez votre cuisine en un espace \u00e0 la fois fonctionnel et respectueux de l&rsquo;environnement gr\u00e2ce \u00e0 nos solutions \u00e9co-con\u00e7ues. Nous utilisons des mat\u00e9riaux durables, tels que le bois certifi\u00e9 et des surfaces non toxiques, pour cr\u00e9er une cuisine qui refl\u00e8te vos valeurs. <\/p>\n<\/div>\n\n\n\n<div class=\"wp-block-column is-layout-flow wp-block-column-is-layout-flow\">\n<figure class=\"wp-block-image size-full\"><img loading=\"lazy\" decoding=\"async\" width=\"800\" height=\"600\" src=\"https:\/\/satori-ecoconstruction-09.fr\/wp-content\/uploads\/2024\/09\/IMG_20230708_105229.jpg\" alt=\"\" class=\"wp-image-609\" srcset=\"https:\/\/satori-ecoconstruction-09.fr\/wp-content\/uploads\/2024\/09\/IMG_20230708_105229.jpg 800w, https:\/\/satori-ecoconstruction-09.fr\/wp-content\/uploads\/2024\/09\/IMG_20230708_105229-300x225.jpg 300w, https:\/\/satori-ecoconstruction-09.fr\/wp-content\/uploads\/2024\/09\/IMG_20230708_105229-768x576.jpg 768w\" sizes=\"auto, (max-width: 800px) 100vw, 800px\" \/><\/figure>\n\n\n\n<h3 class=\"wp-block-heading has-h-5-font-size\"><strong>Parquets <\/strong><\/h3>\n\n\n\n<p>Choisir un parquet \u00e9co-con\u00e7u, c&rsquo;est opter pour la durabilit\u00e9 et l\u2019esth\u00e9tique. Nous proposons une s\u00e9lection de parquets en bois massif provenant de for\u00eats g\u00e9r\u00e9es durablement, assurant un impact minimal sur l&rsquo;environnement. <\/p>\n\n\n\n<p>Leur installation soigneuse garantit non seulement une beaut\u00e9 intemporelle, mais \u00e9galement une long\u00e9vit\u00e9 exceptionnelle.<\/p>\n<\/div>\n<\/div>\n\n\n\n<div class=\"wp-block-columns alignwide tw-cols-card tw-cols-card-shadow tw-stretched-media is-layout-flex wp-container-core-columns-is-layout-d0b3c9c8 wp-block-columns-is-layout-flex\">\n<div class=\"wp-block-column is-layout-flow wp-block-column-is-layout-flow\">\n<figure class=\"wp-block-image size-full\"><img loading=\"lazy\" decoding=\"async\" width=\"800\" height=\"600\" src=\"https:\/\/satori-ecoconstruction-09.fr\/wp-content\/uploads\/2024\/09\/IMG_20230907_112224.jpg\" alt=\"\" class=\"wp-image-596\" srcset=\"https:\/\/satori-ecoconstruction-09.fr\/wp-content\/uploads\/2024\/09\/IMG_20230907_112224.jpg 800w, https:\/\/satori-ecoconstruction-09.fr\/wp-content\/uploads\/2024\/09\/IMG_20230907_112224-300x225.jpg 300w, https:\/\/satori-ecoconstruction-09.fr\/wp-content\/uploads\/2024\/09\/IMG_20230907_112224-768x576.jpg 768w\" sizes=\"auto, (max-width: 800px) 100vw, 800px\" \/><\/figure>\n\n\n\n<h3 class=\"wp-block-heading has-h-5-font-size\">Am\u00e9nagement des combles<\/h3>\n\n\n\n<p>L&rsquo;am\u00e9nagement de vos combles peut devenir une v\u00e9ritable source d&rsquo;\u00e9nergie et de confort. En utilisant des mat\u00e9riaux naturels pour l&rsquo;isolation et des finitions durables, nous transformons cet espace souvent n\u00e9glig\u00e9 en un lieu de vie chaleureux et fonctionnel. <\/p>\n\n\n\n<p>Que ce soit pour une chambre, un bureau ou un espace de rangement, chaque projet est r\u00e9alis\u00e9 dans le respect des principes de l\u2019\u00e9co-construction.<\/p>\n<\/div>\n\n\n\n<div class=\"wp-block-column is-layout-flow wp-block-column-is-layout-flow\">\n<figure class=\"wp-block-image size-large\"><img loading=\"lazy\" decoding=\"async\" width=\"1024\" height=\"629\" src=\"https:\/\/satori-ecoconstruction-09.fr\/wp-content\/uploads\/2024\/09\/Capture-decran-2024-09-22-a-19.45.53-1024x629.png\" alt=\"\" class=\"wp-image-675\" srcset=\"https:\/\/satori-ecoconstruction-09.fr\/wp-content\/uploads\/2024\/09\/Capture-decran-2024-09-22-a-19.45.53-1024x629.png 1024w, https:\/\/satori-ecoconstruction-09.fr\/wp-content\/uploads\/2024\/09\/Capture-decran-2024-09-22-a-19.45.53-300x184.png 300w, https:\/\/satori-ecoconstruction-09.fr\/wp-content\/uploads\/2024\/09\/Capture-decran-2024-09-22-a-19.45.53-768x472.png 768w, https:\/\/satori-ecoconstruction-09.fr\/wp-content\/uploads\/2024\/09\/Capture-decran-2024-09-22-a-19.45.53-1200x737.png 1200w, https:\/\/satori-ecoconstruction-09.fr\/wp-content\/uploads\/2024\/09\/Capture-decran-2024-09-22-a-19.45.53.png 1394w\" sizes=\"auto, (max-width: 1024px) 100vw, 1024px\" \/><\/figure>\n\n\n\n<h3 class=\"wp-block-heading has-h-5-font-size\"><strong>Carrelages<\/strong><\/h3>\n\n\n\n<p>Offrez \u00e0 vos sols une touche \u00e9l\u00e9gante et durable avec nos carrelages \u00e9co-con\u00e7us. Nous s\u00e9lectionnons des mat\u00e9riaux recycl\u00e9s et des options \u00e0 faible impact environnemental, tout en garantissant des designs modernes et vari\u00e9s. <\/p>\n\n\n\n<p>Que ce soit pour la cuisine, la salle de bains ou d&rsquo;autres espaces, nos carrelages allient esth\u00e9tique et respect de l&rsquo;environnement.<\/p>\n<\/div>\n<\/div>\n\n\n\n<p class=\"has-text-align-left\">Pour donner vie \u00e0 vos projets d\u2019am\u00e9nagement int\u00e9rieur tout en respectant l\u2019environnement, n\u2019h\u00e9sitez pas \u00e0 me contacter. <\/p>\n\n\n\n<p class=\"has-text-align-left\">Ensemble, nous explorerons toutes les possibilit\u00e9s qui s\u2019offrent \u00e0 vous, que ce soit pour une cuisine \u00e9coresponsable, des parquets durables, des combles am\u00e9nag\u00e9s ou des carrelages \u00e9l\u00e9gants.<\/p>\n<\/div><\/div>\n\n\n\n<p><\/p>\n","protected":false},"excerpt":{"rendered":"<p>Des espaces fonctionnels et Durables Je suis sp\u00e9cialis\u00e9 dans l&rsquo;am\u00e9nagement int\u00e9rieur \u00e9cologique, utilisant des mat\u00e9riaux naturels et durables pour cr\u00e9er des espaces de vie sains et esth\u00e9tiques. Que ce soit pour la r\u00e9novation de votre cuisine, de votre salle de bain ou de vos espaces de vie, je vous propose des solutions respectueuses de l&rsquo;environnement&hellip;<\/p>\n","protected":false},"author":1,"featured_media":0,"parent":0,"menu_order":0,"comment_status":"closed","ping_status":"closed","template":"","meta":{"footnotes":""},"class_list":["post-436","page","type-page","status-publish","hentry"],"yoast_head":"<!-- This site is optimized with the Yoast SEO plugin v26.8 - https:\/\/yoast.com\/product\/yoast-seo-wordpress\/ -->\n<title>Am\u00e9nagement Int\u00e9rieur \u00c9cologique - Satori Ecoconstruction 09<\/title>\n<meta name=\"robots\" content=\"index, follow, max-snippet:-1, max-image-preview:large, max-video-preview:-1\" \/>\n<link rel=\"canonical\" href=\"https:\/\/satori-ecoconstruction-09.fr\/index.php\/amenagement\/\" \/>\n<meta property=\"og:locale\" content=\"fr_FR\" \/>\n<meta property=\"og:type\" content=\"article\" \/>\n<meta property=\"og:title\" content=\"Am\u00e9nagement Int\u00e9rieur \u00c9cologique - Satori Ecoconstruction 09\" \/>\n<meta property=\"og:description\" content=\"Des espaces fonctionnels et Durables Je suis sp\u00e9cialis\u00e9 dans l&rsquo;am\u00e9nagement int\u00e9rieur \u00e9cologique, utilisant des mat\u00e9riaux naturels et durables pour cr\u00e9er des espaces de vie sains et esth\u00e9tiques. Que ce soit pour la r\u00e9novation de votre cuisine, de votre salle de bain ou de vos espaces de vie, je vous propose des solutions respectueuses de l&rsquo;environnement&hellip;\" \/>\n<meta property=\"og:url\" content=\"https:\/\/satori-ecoconstruction-09.fr\/index.php\/amenagement\/\" \/>\n<meta property=\"og:site_name\" content=\"Satori Ecoconstruction 09\" \/>\n<meta property=\"article:modified_time\" content=\"2024-09-22T17:46:16+00:00\" \/>\n<meta property=\"og:image\" content=\"https:\/\/satori-ecoconstruction-09.fr\/wp-content\/uploads\/2024\/09\/IMG_20210519_161207.jpg\" \/>\n<meta name=\"twitter:card\" content=\"summary_large_image\" \/>\n<meta name=\"twitter:label1\" content=\"Dur\u00e9e de lecture estim\u00e9e\" \/>\n\t<meta name=\"twitter:data1\" content=\"3 minutes\" \/>\n<script type=\"application\/ld+json\" class=\"yoast-schema-graph\">{\"@context\":\"https:\/\/schema.org\",\"@graph\":[{\"@type\":\"WebPage\",\"@id\":\"https:\/\/satori-ecoconstruction-09.fr\/index.php\/amenagement\/\",\"url\":\"https:\/\/satori-ecoconstruction-09.fr\/index.php\/amenagement\/\",\"name\":\"Am\u00e9nagement Int\u00e9rieur \u00c9cologique - Satori Ecoconstruction 09\",\"isPartOf\":{\"@id\":\"https:\/\/satori-ecoconstruction-09.fr\/#website\"},\"primaryImageOfPage\":{\"@id\":\"https:\/\/satori-ecoconstruction-09.fr\/index.php\/amenagement\/#primaryimage\"},\"image\":{\"@id\":\"https:\/\/satori-ecoconstruction-09.fr\/index.php\/amenagement\/#primaryimage\"},\"thumbnailUrl\":\"https:\/\/satori-ecoconstruction-09.fr\/wp-content\/uploads\/2024\/09\/IMG_20210519_161207.jpg\",\"datePublished\":\"2024-08-18T14:35:01+00:00\",\"dateModified\":\"2024-09-22T17:46:16+00:00\",\"breadcrumb\":{\"@id\":\"https:\/\/satori-ecoconstruction-09.fr\/index.php\/amenagement\/#breadcrumb\"},\"inLanguage\":\"fr-FR\",\"potentialAction\":[{\"@type\":\"ReadAction\",\"target\":[\"https:\/\/satori-ecoconstruction-09.fr\/index.php\/amenagement\/\"]}]},{\"@type\":\"ImageObject\",\"inLanguage\":\"fr-FR\",\"@id\":\"https:\/\/satori-ecoconstruction-09.fr\/index.php\/amenagement\/#primaryimage\",\"url\":\"https:\/\/satori-ecoconstruction-09.fr\/wp-content\/uploads\/2024\/09\/IMG_20210519_161207.jpg\",\"contentUrl\":\"https:\/\/satori-ecoconstruction-09.fr\/wp-content\/uploads\/2024\/09\/IMG_20210519_161207.jpg\",\"width\":800,\"height\":600},{\"@type\":\"BreadcrumbList\",\"@id\":\"https:\/\/satori-ecoconstruction-09.fr\/index.php\/amenagement\/#breadcrumb\",\"itemListElement\":[{\"@type\":\"ListItem\",\"position\":1,\"name\":\"Accueil\",\"item\":\"https:\/\/satori-ecoconstruction-09.fr\/\"},{\"@type\":\"ListItem\",\"position\":2,\"name\":\"Am\u00e9nagement Int\u00e9rieur \u00c9cologique\"}]},{\"@type\":\"WebSite\",\"@id\":\"https:\/\/satori-ecoconstruction-09.fr\/#website\",\"url\":\"https:\/\/satori-ecoconstruction-09.fr\/\",\"name\":\"Satori Ecoconstruction 09\",\"description\":\"Artisan en habitat durable\",\"publisher\":{\"@id\":\"https:\/\/satori-ecoconstruction-09.fr\/#organization\"},\"potentialAction\":[{\"@type\":\"SearchAction\",\"target\":{\"@type\":\"EntryPoint\",\"urlTemplate\":\"https:\/\/satori-ecoconstruction-09.fr\/?s={search_term_string}\"},\"query-input\":{\"@type\":\"PropertyValueSpecification\",\"valueRequired\":true,\"valueName\":\"search_term_string\"}}],\"inLanguage\":\"fr-FR\"},{\"@type\":\"Organization\",\"@id\":\"https:\/\/satori-ecoconstruction-09.fr\/#organization\",\"name\":\"Satori Ecoconstruction 09\",\"url\":\"https:\/\/satori-ecoconstruction-09.fr\/\",\"logo\":{\"@type\":\"ImageObject\",\"inLanguage\":\"fr-FR\",\"@id\":\"https:\/\/satori-ecoconstruction-09.fr\/#\/schema\/logo\/image\/\",\"url\":\"https:\/\/satori-ecoconstruction-09.fr\/wp-content\/uploads\/2024\/07\/cropped-sato-rectFichier-8-1.png\",\"contentUrl\":\"https:\/\/satori-ecoconstruction-09.fr\/wp-content\/uploads\/2024\/07\/cropped-sato-rectFichier-8-1.png\",\"width\":1372,\"height\":259,\"caption\":\"Satori Ecoconstruction 09\"},\"image\":{\"@id\":\"https:\/\/satori-ecoconstruction-09.fr\/#\/schema\/logo\/image\/\"}}]}<\/script>\n<!-- \/ Yoast SEO plugin. -->","yoast_head_json":{"title":"Am\u00e9nagement Int\u00e9rieur \u00c9cologique - Satori Ecoconstruction 09","robots":{"index":"index","follow":"follow","max-snippet":"max-snippet:-1","max-image-preview":"max-image-preview:large","max-video-preview":"max-video-preview:-1"},"canonical":"https:\/\/satori-ecoconstruction-09.fr\/index.php\/amenagement\/","og_locale":"fr_FR","og_type":"article","og_title":"Am\u00e9nagement Int\u00e9rieur \u00c9cologique - Satori Ecoconstruction 09","og_description":"Des espaces fonctionnels et Durables Je suis sp\u00e9cialis\u00e9 dans l&rsquo;am\u00e9nagement int\u00e9rieur \u00e9cologique, utilisant des mat\u00e9riaux naturels et durables pour cr\u00e9er des espaces de vie sains et esth\u00e9tiques. Que ce soit pour la r\u00e9novation de votre cuisine, de votre salle de bain ou de vos espaces de vie, je vous propose des solutions respectueuses de l&rsquo;environnement&hellip;","og_url":"https:\/\/satori-ecoconstruction-09.fr\/index.php\/amenagement\/","og_site_name":"Satori Ecoconstruction 09","article_modified_time":"2024-09-22T17:46:16+00:00","og_image":[{"url":"https:\/\/satori-ecoconstruction-09.fr\/wp-content\/uploads\/2024\/09\/IMG_20210519_161207.jpg","type":"","width":"","height":""}],"twitter_card":"summary_large_image","twitter_misc":{"Dur\u00e9e de lecture estim\u00e9e":"3 minutes"},"schema":{"@context":"https:\/\/schema.org","@graph":[{"@type":"WebPage","@id":"https:\/\/satori-ecoconstruction-09.fr\/index.php\/amenagement\/","url":"https:\/\/satori-ecoconstruction-09.fr\/index.php\/amenagement\/","name":"Am\u00e9nagement Int\u00e9rieur \u00c9cologique - Satori Ecoconstruction 09","isPartOf":{"@id":"https:\/\/satori-ecoconstruction-09.fr\/#website"},"primaryImageOfPage":{"@id":"https:\/\/satori-ecoconstruction-09.fr\/index.php\/amenagement\/#primaryimage"},"image":{"@id":"https:\/\/satori-ecoconstruction-09.fr\/index.php\/amenagement\/#primaryimage"},"thumbnailUrl":"https:\/\/satori-ecoconstruction-09.fr\/wp-content\/uploads\/2024\/09\/IMG_20210519_161207.jpg","datePublished":"2024-08-18T14:35:01+00:00","dateModified":"2024-09-22T17:46:16+00:00","breadcrumb":{"@id":"https:\/\/satori-ecoconstruction-09.fr\/index.php\/amenagement\/#breadcrumb"},"inLanguage":"fr-FR","potentialAction":[{"@type":"ReadAction","target":["https:\/\/satori-ecoconstruction-09.fr\/index.php\/amenagement\/"]}]},{"@type":"ImageObject","inLanguage":"fr-FR","@id":"https:\/\/satori-ecoconstruction-09.fr\/index.php\/amenagement\/#primaryimage","url":"https:\/\/satori-ecoconstruction-09.fr\/wp-content\/uploads\/2024\/09\/IMG_20210519_161207.jpg","contentUrl":"https:\/\/satori-ecoconstruction-09.fr\/wp-content\/uploads\/2024\/09\/IMG_20210519_161207.jpg","width":800,"height":600},{"@type":"BreadcrumbList","@id":"https:\/\/satori-ecoconstruction-09.fr\/index.php\/amenagement\/#breadcrumb","itemListElement":[{"@type":"ListItem","position":1,"name":"Accueil","item":"https:\/\/satori-ecoconstruction-09.fr\/"},{"@type":"ListItem","position":2,"name":"Am\u00e9nagement Int\u00e9rieur \u00c9cologique"}]},{"@type":"WebSite","@id":"https:\/\/satori-ecoconstruction-09.fr\/#website","url":"https:\/\/satori-ecoconstruction-09.fr\/","name":"Satori Ecoconstruction 09","description":"Artisan en habitat durable","publisher":{"@id":"https:\/\/satori-ecoconstruction-09.fr\/#organization"},"potentialAction":[{"@type":"SearchAction","target":{"@type":"EntryPoint","urlTemplate":"https:\/\/satori-ecoconstruction-09.fr\/?s={search_term_string}"},"query-input":{"@type":"PropertyValueSpecification","valueRequired":true,"valueName":"search_term_string"}}],"inLanguage":"fr-FR"},{"@type":"Organization","@id":"https:\/\/satori-ecoconstruction-09.fr\/#organization","name":"Satori Ecoconstruction 09","url":"https:\/\/satori-ecoconstruction-09.fr\/","logo":{"@type":"ImageObject","inLanguage":"fr-FR","@id":"https:\/\/satori-ecoconstruction-09.fr\/#\/schema\/logo\/image\/","url":"https:\/\/satori-ecoconstruction-09.fr\/wp-content\/uploads\/2024\/07\/cropped-sato-rectFichier-8-1.png","contentUrl":"https:\/\/satori-ecoconstruction-09.fr\/wp-content\/uploads\/2024\/07\/cropped-sato-rectFichier-8-1.png","width":1372,"height":259,"caption":"Satori Ecoconstruction 09"},"image":{"@id":"https:\/\/satori-ecoconstruction-09.fr\/#\/schema\/logo\/image\/"}}]}},"_links":{"self":[{"href":"https:\/\/satori-ecoconstruction-09.fr\/index.php\/wp-json\/wp\/v2\/pages\/436","targetHints":{"allow":["GET"]}}],"collection":[{"href":"https:\/\/satori-ecoconstruction-09.fr\/index.php\/wp-json\/wp\/v2\/pages"}],"about":[{"href":"https:\/\/satori-ecoconstruction-09.fr\/index.php\/wp-json\/wp\/v2\/types\/page"}],"author":[{"embeddable":true,"href":"https:\/\/satori-ecoconstruction-09.fr\/index.php\/wp-json\/wp\/v2\/users\/1"}],"replies":[{"embeddable":true,"href":"https:\/\/satori-ecoconstruction-09.fr\/index.php\/wp-json\/wp\/v2\/comments?post=436"}],"version-history":[{"count":8,"href":"https:\/\/satori-ecoconstruction-09.fr\/index.php\/wp-json\/wp\/v2\/pages\/436\/revisions"}],"predecessor-version":[{"id":676,"href":"https:\/\/satori-ecoconstruction-09.fr\/index.php\/wp-json\/wp\/v2\/pages\/436\/revisions\/676"}],"wp:attachment":[{"href":"https:\/\/satori-ecoconstruction-09.fr\/index.php\/wp-json\/wp\/v2\/media?parent=436"}],"curies":[{"name":"wp","href":"https:\/\/api.w.org\/{rel}","templated":true}]}}