{"id":30,"date":"2024-06-14T20:00:26","date_gmt":"2024-06-14T18:00:26","guid":{"rendered":"https:\/\/satori-ecoconstruction-09.fr\/?page_id=30"},"modified":"2024-09-22T19:46:37","modified_gmt":"2024-09-22T17:46:37","slug":"contact-2","status":"publish","type":"page","link":"https:\/\/satori-ecoconstruction-09.fr\/index.php\/contact-2\/","title":{"rendered":"Services"},"content":{"rendered":"\n<div class=\"wp-block-group alignfull\"><div class=\"wp-block-group__inner-container is-layout-flow wp-block-group-is-layout-flow\">\n<div class=\"wp-block-media-text alignwide has-media-on-the-right is-stacked-on-mobile tw-stack-md tw-block-animation tw-animation-fade-in-up\"><div class=\"wp-block-media-text__content\">\n<h2 class=\"wp-block-heading has-text-align-left has-h-3-font-size\">Isolation<\/h2>\n\n\n\n<p class=\"has-text-align-left has-h-5-font-size\">Des solutions naturelles <br>pour un confort durable<\/p>\n\n\n\n<p class=\"has-text-align-left has-small-font-size\">Je suis sp\u00e9cialis\u00e9 dans l&rsquo;isolation \u00e9cologique et j&rsquo;utilise des mat\u00e9riaux naturels tels que la laine de bois, le chanvre ou encore la ouate de cellulose pour garantir une isolation thermique et acoustique optimale.<\/p>\n\n\n\n<p class=\"has-text-align-left has-small-font-size\">Ces mat\u00e9riaux, en plus d&rsquo;\u00eatre respectueux de l&rsquo;environnement, offrent une excellente performance et contribuent \u00e0 la r\u00e9duction de votre consommation \u00e9nerg\u00e9tique. <\/p>\n\n\n\n<p class=\"has-text-align-left has-small-font-size\">Optez pour une isolation \u00e9cologique et profitez d&rsquo;un confort durable tout en optimisant l&rsquo;impact sur notre plan\u00e8te.<\/p>\n\n\n\n<div class=\"wp-block-buttons is-content-justification-right is-layout-flex wp-container-core-buttons-is-layout-d445cf74 wp-block-buttons-is-layout-flex\">\n<div class=\"wp-block-button has-custom-font-size is-style-fill has-small-font-size\"><a class=\"wp-block-button__link has-background-color has-text-color has-background has-link-color wp-element-button\" href=\"https:\/\/satori-ecoconstruction-09.fr\/index.php\/isolation\/\" style=\"border-radius:30px;background-color:#bd8b53\">En savoir Plus<\/a><\/div>\n<\/div>\n<\/div><figure class=\"wp-block-media-text__media\"><img loading=\"lazy\" decoding=\"async\" width=\"800\" height=\"600\" src=\"https:\/\/satori-ecoconstruction-09.fr\/wp-content\/uploads\/2024\/09\/IMG_20230622_135713.jpg\" alt=\"\" class=\"wp-image-579 size-full\" srcset=\"https:\/\/satori-ecoconstruction-09.fr\/wp-content\/uploads\/2024\/09\/IMG_20230622_135713.jpg 800w, https:\/\/satori-ecoconstruction-09.fr\/wp-content\/uploads\/2024\/09\/IMG_20230622_135713-300x225.jpg 300w, https:\/\/satori-ecoconstruction-09.fr\/wp-content\/uploads\/2024\/09\/IMG_20230622_135713-768x576.jpg 768w\" sizes=\"auto, (max-width: 800px) 100vw, 800px\" \/><\/figure><\/div>\n\n\n\n<div class=\"wp-block-media-text alignwide is-stacked-on-mobile tw-stack-md tw-block-animation tw-animation-fade-in-up\"><figure class=\"wp-block-media-text__media\"><img loading=\"lazy\" decoding=\"async\" width=\"800\" height=\"612\" src=\"https:\/\/satori-ecoconstruction-09.fr\/wp-content\/uploads\/2024\/09\/IMG_20191119_130720.jpg\" alt=\"\" class=\"wp-image-553 size-full\" srcset=\"https:\/\/satori-ecoconstruction-09.fr\/wp-content\/uploads\/2024\/09\/IMG_20191119_130720.jpg 800w, https:\/\/satori-ecoconstruction-09.fr\/wp-content\/uploads\/2024\/09\/IMG_20191119_130720-300x230.jpg 300w, https:\/\/satori-ecoconstruction-09.fr\/wp-content\/uploads\/2024\/09\/IMG_20191119_130720-768x588.jpg 768w\" sizes=\"auto, (max-width: 800px) 100vw, 800px\" \/><\/figure><div class=\"wp-block-media-text__content\">\n<h2 class=\"wp-block-heading has-h-3-font-size\">Enduits \u00e9cologiques<\/h2>\n\n\n\n<p class=\"has-h-5-font-size\">Des rev\u00eatements sains et durables<\/p>\n\n\n\n<p class=\"has-small-font-size\">Je propose des enduits \u00e9cologiques \u00e0 base de chaux, d&rsquo;argile ou de terre crue, qui non seulement embellissent vos murs, mais aussi r\u00e9gulent l&rsquo;humidit\u00e9 et am\u00e9liorent la qualit\u00e9 de l&rsquo;air int\u00e9rieur. <\/p>\n\n\n\n<p class=\"has-small-font-size\">Ces mat\u00e9riaux naturels sont non toxiques et offrent une excellente durabilit\u00e9, tout en apportant une touche esth\u00e9tique unique \u00e0 votre habitat. <\/p>\n\n\n\n<p class=\"has-small-font-size\">Faites confiance \u00e0 mon expertise pour des rev\u00eatements sains et durables.<\/p>\n\n\n\n<p class=\"has-small-font-size\"><\/p>\n\n\n\n<div class=\"wp-block-buttons is-layout-flex wp-block-buttons-is-layout-flex\">\n<div class=\"wp-block-button has-custom-font-size is-style-fill has-small-font-size\"><a class=\"wp-block-button__link has-background-color has-text-color has-background has-link-color wp-element-button\" href=\"https:\/\/satori-ecoconstruction-09.fr\/index.php\/enduits\/\" style=\"border-radius:30px;background-color:#bd8b53\">En savoir Plus<\/a><\/div>\n<\/div>\n<\/div><\/div>\n\n\n\n<div class=\"wp-block-media-text alignwide has-media-on-the-right is-stacked-on-mobile tw-stack-md\"><div class=\"wp-block-media-text__content\">\n<h2 class=\"wp-block-heading has-h-3-font-size\">Peintures <\/h2>\n\n\n\n<p class=\"has-h-5-font-size\">Des couleurs naturelles pour un int\u00e9rieur sain.<\/p>\n\n\n\n<p class=\"has-small-font-size\">Je travaille avec des peintures \u00e9cologiques \u00e0 base de composants naturels, sans solvants ni substances nocives, pour garantir une qualit\u00e9 de l&rsquo;air int\u00e9rieur optimale. <\/p>\n\n\n\n<p class=\"has-small-font-size\">Ces peintures offrent une large palette de couleurs et une excellente couvrance, tout en \u00e9tant respectueuses de la sant\u00e9 et de la plan\u00e8te. <\/p>\n\n\n\n<p class=\"has-small-font-size\">Choisissez des peintures \u00e9cologiques avec moi pour un int\u00e9rieur sain et esth\u00e9tique.<\/p>\n\n\n\n<div class=\"wp-block-buttons is-content-justification-right is-layout-flex wp-container-core-buttons-is-layout-d445cf74 wp-block-buttons-is-layout-flex\">\n<div class=\"wp-block-button has-custom-font-size is-style-fill has-small-font-size\"><a class=\"wp-block-button__link has-background-color has-text-color has-background has-link-color wp-element-button\" href=\"https:\/\/satori-ecoconstruction-09.fr\/index.php\/peintures\/\" style=\"border-radius:30px;background-color:#bd8b53\">En savoir Plus<\/a><\/div>\n<\/div>\n<\/div><figure class=\"wp-block-media-text__media\"><img loading=\"lazy\" decoding=\"async\" width=\"800\" height=\"600\" src=\"https:\/\/satori-ecoconstruction-09.fr\/wp-content\/uploads\/2024\/09\/IMG_20191119_130918.jpg\" alt=\"\" class=\"wp-image-555 size-full\" srcset=\"https:\/\/satori-ecoconstruction-09.fr\/wp-content\/uploads\/2024\/09\/IMG_20191119_130918.jpg 800w, https:\/\/satori-ecoconstruction-09.fr\/wp-content\/uploads\/2024\/09\/IMG_20191119_130918-300x225.jpg 300w, https:\/\/satori-ecoconstruction-09.fr\/wp-content\/uploads\/2024\/09\/IMG_20191119_130918-768x576.jpg 768w\" sizes=\"auto, (max-width: 800px) 100vw, 800px\" \/><\/figure><\/div>\n\n\n\n<div class=\"wp-block-media-text alignwide is-stacked-on-mobile tw-stack-md tw-block-animation tw-animation-fade-in-up\"><figure class=\"wp-block-media-text__media\"><img loading=\"lazy\" decoding=\"async\" width=\"800\" height=\"600\" src=\"https:\/\/satori-ecoconstruction-09.fr\/wp-content\/uploads\/2024\/09\/IMG_20210519_161046.jpg\" alt=\"\" class=\"wp-image-607 size-full\" srcset=\"https:\/\/satori-ecoconstruction-09.fr\/wp-content\/uploads\/2024\/09\/IMG_20210519_161046.jpg 800w, https:\/\/satori-ecoconstruction-09.fr\/wp-content\/uploads\/2024\/09\/IMG_20210519_161046-300x225.jpg 300w, https:\/\/satori-ecoconstruction-09.fr\/wp-content\/uploads\/2024\/09\/IMG_20210519_161046-768x576.jpg 768w\" sizes=\"auto, (max-width: 800px) 100vw, 800px\" \/><\/figure><div class=\"wp-block-media-text__content\">\n<p class=\"has-small-font-size\"><\/p>\n\n\n\n<h2 class=\"wp-block-heading has-h-3-font-size\">Am\u00e9nagement int\u00e9rieur<\/h2>\n\n\n\n<p class=\"has-h-5-font-size\">Des rev\u00eatements sains et durables<\/p>\n\n\n\n<p class=\"has-small-font-size\">Chaque projet d&rsquo;am\u00e9nagement int\u00e9rieur est unique, et je m&rsquo;engage \u00e0 vous offrir des solutions personnalis\u00e9es qui r\u00e9pondent \u00e0 vos besoins et \u00e0 vos go\u00fbts. Que vous souhaitiez r\u00e9nover une pi\u00e8ce ou repenser l&rsquo;ensemble de votre espace de vie, je suis l\u00e0 pour vous accompagner \u00e0 chaque \u00e9tape du processus.<\/p>\n\n\n\n<p class=\"has-small-font-size\">Avec une solide exp\u00e9rience en \u00e9co-construction et en am\u00e9nagement int\u00e9rieur, je mets mon savoir-faire \u00e0 votre service pour transformer vos id\u00e9es en r\u00e9alit\u00e9. Mon approche int\u00e8gre des techniques traditionnelles et des innovations modernes pour garantir des r\u00e9sultats durables et esth\u00e9tiques.<\/p>\n\n\n\n<div class=\"wp-block-buttons is-layout-flex wp-block-buttons-is-layout-flex\">\n<div class=\"wp-block-button has-custom-font-size is-style-fill has-small-font-size\"><a class=\"wp-block-button__link has-background-color has-text-color has-background has-link-color wp-element-button\" href=\"https:\/\/satori-ecoconstruction-09.fr\/index.php\/amenagement\/\" style=\"border-radius:30px;background-color:#bd8b53\">En savoir Plus<\/a><\/div>\n<\/div>\n<\/div><\/div>\n<\/div><\/div>\n\n\n\n<div class=\"wp-block-media-text alignwide has-media-on-the-right is-stacked-on-mobile tw-stack-md tw-block-animation tw-animation-fade-in-up\"><div class=\"wp-block-media-text__content\">\n<h2 class=\"wp-block-heading has-h-3-font-size\">Conseil et accompagnement<br>de travaux<\/h2>\n\n\n\n<p class=\"has-h-5-font-size\">Un soutien personnalis\u00e9 pour votre projet<\/p>\n\n\n\n<p class=\"has-small-font-size\">Je comprends que chaque projet est unique. C&rsquo;est pourquoi j&rsquo;offre des conseils personnalis\u00e9s et un accompagnement complet pour vos travaux. <\/p>\n\n\n\n<p class=\"has-small-font-size\">De la conception \u00e0 la r\u00e9alisation, je suis \u00e0 vos c\u00f4t\u00e9s pour vous guider \u00e0 chaque \u00e9tape. Je vous aide \u00e0 choisir les meilleures solutions \u00e9cologiques adapt\u00e9es \u00e0 vos besoins et \u00e0 votre budget, tout en assurant une ex\u00e9cution impeccable de vos travaux. <\/p>\n\n\n\n<p class=\"has-small-font-size\">Je suis \u00e0 votre \u00e9coute pour transformer votre espace en un lieu \u00e0 la fois esth\u00e9tique et \u00e9cologique.<\/p>\n\n\n\n<p class=\"has-small-font-size\"><\/p>\n\n\n\n<div class=\"wp-block-buttons is-layout-flex wp-block-buttons-is-layout-flex\">\n<div class=\"wp-block-button has-custom-font-size is-style-fill has-small-font-size\"><a class=\"wp-block-button__link has-background-color has-text-color has-background has-link-color wp-element-button\" href=\"https:\/\/satori-ecoconstruction-09.fr\/index.php\/conseils-accompagnements\/\" style=\"border-radius:30px;background-color:#bd8b53\">En savoir Plus<\/a><\/div>\n<\/div>\n<\/div><figure class=\"wp-block-media-text__media\"><img loading=\"lazy\" decoding=\"async\" width=\"1024\" height=\"775\" src=\"https:\/\/satori-ecoconstruction-09.fr\/wp-content\/uploads\/2024\/09\/Capture-decran-2024-09-22-a-19.12.13-1024x775.png\" alt=\"\" class=\"wp-image-646 size-full\" srcset=\"https:\/\/satori-ecoconstruction-09.fr\/wp-content\/uploads\/2024\/09\/Capture-decran-2024-09-22-a-19.12.13-1024x775.png 1024w, https:\/\/satori-ecoconstruction-09.fr\/wp-content\/uploads\/2024\/09\/Capture-decran-2024-09-22-a-19.12.13-300x227.png 300w, https:\/\/satori-ecoconstruction-09.fr\/wp-content\/uploads\/2024\/09\/Capture-decran-2024-09-22-a-19.12.13-768x581.png 768w, https:\/\/satori-ecoconstruction-09.fr\/wp-content\/uploads\/2024\/09\/Capture-decran-2024-09-22-a-19.12.13.png 1168w\" sizes=\"auto, (max-width: 1024px) 100vw, 1024px\" \/><\/figure><\/div>\n","protected":false},"excerpt":{"rendered":"<p>Isolation Des solutions naturelles pour un confort durable Je suis sp\u00e9cialis\u00e9 dans l&rsquo;isolation \u00e9cologique et j&rsquo;utilise des mat\u00e9riaux naturels tels que la laine de bois, le chanvre ou encore la ouate de cellulose pour garantir une isolation thermique et acoustique optimale. Ces mat\u00e9riaux, en plus d&rsquo;\u00eatre respectueux de l&rsquo;environnement, offrent une excellente performance et contribuent&hellip;<\/p>\n","protected":false},"author":1,"featured_media":0,"parent":0,"menu_order":0,"comment_status":"closed","ping_status":"closed","template":"","meta":{"footnotes":""},"class_list":["post-30","page","type-page","status-publish","hentry"],"yoast_head":"<!-- This site is optimized with the Yoast SEO plugin v26.8 - https:\/\/yoast.com\/product\/yoast-seo-wordpress\/ -->\n<title>Services - Satori Ecoconstruction 09<\/title>\n<meta name=\"robots\" content=\"index, follow, max-snippet:-1, max-image-preview:large, max-video-preview:-1\" \/>\n<link rel=\"canonical\" href=\"https:\/\/satori-ecoconstruction-09.fr\/index.php\/contact-2\/\" \/>\n<meta property=\"og:locale\" content=\"fr_FR\" \/>\n<meta property=\"og:type\" content=\"article\" \/>\n<meta property=\"og:title\" content=\"Services - Satori Ecoconstruction 09\" \/>\n<meta property=\"og:description\" content=\"Isolation Des solutions naturelles pour un confort durable Je suis sp\u00e9cialis\u00e9 dans l&rsquo;isolation \u00e9cologique et j&rsquo;utilise des mat\u00e9riaux naturels tels que la laine de bois, le chanvre ou encore la ouate de cellulose pour garantir une isolation thermique et acoustique optimale. Ces mat\u00e9riaux, en plus d&rsquo;\u00eatre respectueux de l&rsquo;environnement, offrent une excellente performance et contribuent&hellip;\" \/>\n<meta property=\"og:url\" content=\"https:\/\/satori-ecoconstruction-09.fr\/index.php\/contact-2\/\" \/>\n<meta property=\"og:site_name\" content=\"Satori Ecoconstruction 09\" \/>\n<meta property=\"article:modified_time\" content=\"2024-09-22T17:46:37+00:00\" \/>\n<meta property=\"og:image\" content=\"https:\/\/satori-ecoconstruction-09.fr\/wp-content\/uploads\/2024\/09\/IMG_20230622_135713.jpg\" \/>\n<meta name=\"twitter:card\" content=\"summary_large_image\" \/>\n<meta name=\"twitter:label1\" content=\"Dur\u00e9e de lecture estim\u00e9e\" \/>\n\t<meta name=\"twitter:data1\" content=\"3 minutes\" \/>\n<script type=\"application\/ld+json\" class=\"yoast-schema-graph\">{\"@context\":\"https:\/\/schema.org\",\"@graph\":[{\"@type\":\"WebPage\",\"@id\":\"https:\/\/satori-ecoconstruction-09.fr\/index.php\/contact-2\/\",\"url\":\"https:\/\/satori-ecoconstruction-09.fr\/index.php\/contact-2\/\",\"name\":\"Services - Satori Ecoconstruction 09\",\"isPartOf\":{\"@id\":\"https:\/\/satori-ecoconstruction-09.fr\/#website\"},\"primaryImageOfPage\":{\"@id\":\"https:\/\/satori-ecoconstruction-09.fr\/index.php\/contact-2\/#primaryimage\"},\"image\":{\"@id\":\"https:\/\/satori-ecoconstruction-09.fr\/index.php\/contact-2\/#primaryimage\"},\"thumbnailUrl\":\"https:\/\/satori-ecoconstruction-09.fr\/wp-content\/uploads\/2024\/09\/IMG_20230622_135713.jpg\",\"datePublished\":\"2024-06-14T18:00:26+00:00\",\"dateModified\":\"2024-09-22T17:46:37+00:00\",\"breadcrumb\":{\"@id\":\"https:\/\/satori-ecoconstruction-09.fr\/index.php\/contact-2\/#breadcrumb\"},\"inLanguage\":\"fr-FR\",\"potentialAction\":[{\"@type\":\"ReadAction\",\"target\":[\"https:\/\/satori-ecoconstruction-09.fr\/index.php\/contact-2\/\"]}]},{\"@type\":\"ImageObject\",\"inLanguage\":\"fr-FR\",\"@id\":\"https:\/\/satori-ecoconstruction-09.fr\/index.php\/contact-2\/#primaryimage\",\"url\":\"https:\/\/satori-ecoconstruction-09.fr\/wp-content\/uploads\/2024\/09\/IMG_20230622_135713.jpg\",\"contentUrl\":\"https:\/\/satori-ecoconstruction-09.fr\/wp-content\/uploads\/2024\/09\/IMG_20230622_135713.jpg\",\"width\":800,\"height\":600},{\"@type\":\"BreadcrumbList\",\"@id\":\"https:\/\/satori-ecoconstruction-09.fr\/index.php\/contact-2\/#breadcrumb\",\"itemListElement\":[{\"@type\":\"ListItem\",\"position\":1,\"name\":\"Accueil\",\"item\":\"https:\/\/satori-ecoconstruction-09.fr\/\"},{\"@type\":\"ListItem\",\"position\":2,\"name\":\"Services\"}]},{\"@type\":\"WebSite\",\"@id\":\"https:\/\/satori-ecoconstruction-09.fr\/#website\",\"url\":\"https:\/\/satori-ecoconstruction-09.fr\/\",\"name\":\"Satori Ecoconstruction 09\",\"description\":\"Artisan en habitat durable\",\"publisher\":{\"@id\":\"https:\/\/satori-ecoconstruction-09.fr\/#organization\"},\"potentialAction\":[{\"@type\":\"SearchAction\",\"target\":{\"@type\":\"EntryPoint\",\"urlTemplate\":\"https:\/\/satori-ecoconstruction-09.fr\/?s={search_term_string}\"},\"query-input\":{\"@type\":\"PropertyValueSpecification\",\"valueRequired\":true,\"valueName\":\"search_term_string\"}}],\"inLanguage\":\"fr-FR\"},{\"@type\":\"Organization\",\"@id\":\"https:\/\/satori-ecoconstruction-09.fr\/#organization\",\"name\":\"Satori Ecoconstruction 09\",\"url\":\"https:\/\/satori-ecoconstruction-09.fr\/\",\"logo\":{\"@type\":\"ImageObject\",\"inLanguage\":\"fr-FR\",\"@id\":\"https:\/\/satori-ecoconstruction-09.fr\/#\/schema\/logo\/image\/\",\"url\":\"https:\/\/satori-ecoconstruction-09.fr\/wp-content\/uploads\/2024\/07\/cropped-sato-rectFichier-8-1.png\",\"contentUrl\":\"https:\/\/satori-ecoconstruction-09.fr\/wp-content\/uploads\/2024\/07\/cropped-sato-rectFichier-8-1.png\",\"width\":1372,\"height\":259,\"caption\":\"Satori Ecoconstruction 09\"},\"image\":{\"@id\":\"https:\/\/satori-ecoconstruction-09.fr\/#\/schema\/logo\/image\/\"}}]}<\/script>\n<!-- \/ Yoast SEO plugin. -->","yoast_head_json":{"title":"Services - Satori Ecoconstruction 09","robots":{"index":"index","follow":"follow","max-snippet":"max-snippet:-1","max-image-preview":"max-image-preview:large","max-video-preview":"max-video-preview:-1"},"canonical":"https:\/\/satori-ecoconstruction-09.fr\/index.php\/contact-2\/","og_locale":"fr_FR","og_type":"article","og_title":"Services - Satori Ecoconstruction 09","og_description":"Isolation Des solutions naturelles pour un confort durable Je suis sp\u00e9cialis\u00e9 dans l&rsquo;isolation \u00e9cologique et j&rsquo;utilise des mat\u00e9riaux naturels tels que la laine de bois, le chanvre ou encore la ouate de cellulose pour garantir une isolation thermique et acoustique optimale. Ces mat\u00e9riaux, en plus d&rsquo;\u00eatre respectueux de l&rsquo;environnement, offrent une excellente performance et contribuent&hellip;","og_url":"https:\/\/satori-ecoconstruction-09.fr\/index.php\/contact-2\/","og_site_name":"Satori Ecoconstruction 09","article_modified_time":"2024-09-22T17:46:37+00:00","og_image":[{"url":"https:\/\/satori-ecoconstruction-09.fr\/wp-content\/uploads\/2024\/09\/IMG_20230622_135713.jpg","type":"","width":"","height":""}],"twitter_card":"summary_large_image","twitter_misc":{"Dur\u00e9e de lecture estim\u00e9e":"3 minutes"},"schema":{"@context":"https:\/\/schema.org","@graph":[{"@type":"WebPage","@id":"https:\/\/satori-ecoconstruction-09.fr\/index.php\/contact-2\/","url":"https:\/\/satori-ecoconstruction-09.fr\/index.php\/contact-2\/","name":"Services - Satori Ecoconstruction 09","isPartOf":{"@id":"https:\/\/satori-ecoconstruction-09.fr\/#website"},"primaryImageOfPage":{"@id":"https:\/\/satori-ecoconstruction-09.fr\/index.php\/contact-2\/#primaryimage"},"image":{"@id":"https:\/\/satori-ecoconstruction-09.fr\/index.php\/contact-2\/#primaryimage"},"thumbnailUrl":"https:\/\/satori-ecoconstruction-09.fr\/wp-content\/uploads\/2024\/09\/IMG_20230622_135713.jpg","datePublished":"2024-06-14T18:00:26+00:00","dateModified":"2024-09-22T17:46:37+00:00","breadcrumb":{"@id":"https:\/\/satori-ecoconstruction-09.fr\/index.php\/contact-2\/#breadcrumb"},"inLanguage":"fr-FR","potentialAction":[{"@type":"ReadAction","target":["https:\/\/satori-ecoconstruction-09.fr\/index.php\/contact-2\/"]}]},{"@type":"ImageObject","inLanguage":"fr-FR","@id":"https:\/\/satori-ecoconstruction-09.fr\/index.php\/contact-2\/#primaryimage","url":"https:\/\/satori-ecoconstruction-09.fr\/wp-content\/uploads\/2024\/09\/IMG_20230622_135713.jpg","contentUrl":"https:\/\/satori-ecoconstruction-09.fr\/wp-content\/uploads\/2024\/09\/IMG_20230622_135713.jpg","width":800,"height":600},{"@type":"BreadcrumbList","@id":"https:\/\/satori-ecoconstruction-09.fr\/index.php\/contact-2\/#breadcrumb","itemListElement":[{"@type":"ListItem","position":1,"name":"Accueil","item":"https:\/\/satori-ecoconstruction-09.fr\/"},{"@type":"ListItem","position":2,"name":"Services"}]},{"@type":"WebSite","@id":"https:\/\/satori-ecoconstruction-09.fr\/#website","url":"https:\/\/satori-ecoconstruction-09.fr\/","name":"Satori Ecoconstruction 09","description":"Artisan en habitat durable","publisher":{"@id":"https:\/\/satori-ecoconstruction-09.fr\/#organization"},"potentialAction":[{"@type":"SearchAction","target":{"@type":"EntryPoint","urlTemplate":"https:\/\/satori-ecoconstruction-09.fr\/?s={search_term_string}"},"query-input":{"@type":"PropertyValueSpecification","valueRequired":true,"valueName":"search_term_string"}}],"inLanguage":"fr-FR"},{"@type":"Organization","@id":"https:\/\/satori-ecoconstruction-09.fr\/#organization","name":"Satori Ecoconstruction 09","url":"https:\/\/satori-ecoconstruction-09.fr\/","logo":{"@type":"ImageObject","inLanguage":"fr-FR","@id":"https:\/\/satori-ecoconstruction-09.fr\/#\/schema\/logo\/image\/","url":"https:\/\/satori-ecoconstruction-09.fr\/wp-content\/uploads\/2024\/07\/cropped-sato-rectFichier-8-1.png","contentUrl":"https:\/\/satori-ecoconstruction-09.fr\/wp-content\/uploads\/2024\/07\/cropped-sato-rectFichier-8-1.png","width":1372,"height":259,"caption":"Satori Ecoconstruction 09"},"image":{"@id":"https:\/\/satori-ecoconstruction-09.fr\/#\/schema\/logo\/image\/"}}]}},"_links":{"self":[{"href":"https:\/\/satori-ecoconstruction-09.fr\/index.php\/wp-json\/wp\/v2\/pages\/30","targetHints":{"allow":["GET"]}}],"collection":[{"href":"https:\/\/satori-ecoconstruction-09.fr\/index.php\/wp-json\/wp\/v2\/pages"}],"about":[{"href":"https:\/\/satori-ecoconstruction-09.fr\/index.php\/wp-json\/wp\/v2\/types\/page"}],"author":[{"embeddable":true,"href":"https:\/\/satori-ecoconstruction-09.fr\/index.php\/wp-json\/wp\/v2\/users\/1"}],"replies":[{"embeddable":true,"href":"https:\/\/satori-ecoconstruction-09.fr\/index.php\/wp-json\/wp\/v2\/comments?post=30"}],"version-history":[{"count":23,"href":"https:\/\/satori-ecoconstruction-09.fr\/index.php\/wp-json\/wp\/v2\/pages\/30\/revisions"}],"predecessor-version":[{"id":670,"href":"https:\/\/satori-ecoconstruction-09.fr\/index.php\/wp-json\/wp\/v2\/pages\/30\/revisions\/670"}],"wp:attachment":[{"href":"https:\/\/satori-ecoconstruction-09.fr\/index.php\/wp-json\/wp\/v2\/media?parent=30"}],"curies":[{"name":"wp","href":"https:\/\/api.w.org\/{rel}","templated":true}]}}