{"id":3,"date":"2024-06-14T19:18:38","date_gmt":"2024-06-14T17:18:38","guid":{"rendered":"http:\/\/satori-ecoconstruction-09.fr\/?page_id=3"},"modified":"2024-09-28T21:31:21","modified_gmt":"2024-09-28T19:31:21","slug":"mentions-legales","status":"publish","type":"page","link":"https:\/\/satori-ecoconstruction-09.fr\/index.php\/mentions-legales\/","title":{"rendered":"Mentions L\u00e9gales"},"content":{"rendered":"\n<p><\/p>\n\n\n\n<div class=\"wp-block-group alignfull\"><div class=\"wp-block-group__inner-container is-layout-flow wp-block-group-is-layout-flow\">\n<h4 class=\"wp-block-heading\">Editeur du site<\/h4>\n\n\n\n<p>Le site <a href=\"https:\/\/satori-ecoconstruction-09.fr\/\">satori-\u00e9coconstruction-09.fr <\/a>est \u00e9dit\u00e9 par <strong>Sylvain Satori<\/strong>, artisan en \u00e9co-construction, dont le si\u00e8ge social est situ\u00e9 \u00e0 [Adresse compl\u00e8te].<\/p>\n\n\n\n<p><strong>Adresse e-mail :<\/strong> sylvainsatori@laposte.net<\/p>\n\n\n\n<p><strong>T\u00e9l\u00e9phone :<\/strong> 06 51 66 43 04<\/p>\n\n\n\n<p><strong>Num\u00e9ro SIRET :<\/strong> 881 464 317 00018<\/p>\n\n\n\n<p>Micro entreprise &#8211; Non assujeti \u00e0 la TVA<\/p>\n\n\n\n<p>Assurance professionnelle : <\/p>\n\n\n\n<h4 class=\"wp-block-heading\">H\u00e9bergement du Site<\/h4>\n\n\n\n<p>Le site <a href=\"https:\/\/satori-ecoconstruction-09.fr\/\">satori-\u00e9coconstruction-09.fr <\/a> est h\u00e9berg\u00e9 par OVH, dont le si\u00e8ge social est situ\u00e9 \u00e0 2 rue Kellermann, 59100 Roubaix, France.<\/p>\n\n\n\n<p><strong>Site internet :<\/strong> <a href=\"https:\/\/www.ovhcloud.com\/\" target=\"_blank\" rel=\"noreferrer noopener\">www.ovhcloud.com<\/a><\/p>\n\n\n\n<p><strong>T\u00e9l\u00e9phone :<\/strong> 09 72 10 10 07<\/p>\n\n\n\n<h4 class=\"wp-block-heading\">Propri\u00e9t\u00e9 Intellectuelle<\/h4>\n\n\n\n<p>Tous les \u00e9l\u00e9ments du site  <a href=\"https:\/\/satori-ecoconstruction-09.fr\/\">satori-\u00e9coconstruction-09.fr <\/a>, y compris les textes, images, graphismes, logos, ic\u00f4nes, sons et logiciels, sont la propri\u00e9t\u00e9 exclusive de <strong>Sylvain Satori<\/strong> ou de ses partenaires. Toute reproduction, repr\u00e9sentation, modification, publication, adaptation de tout ou partie des \u00e9l\u00e9ments du site, quel que soit le moyen ou le proc\u00e9d\u00e9 utilis\u00e9, est interdite, sauf autorisation \u00e9crite pr\u00e9alable de [Votre Nom].<\/p>\n\n\n\n<h4 class=\"wp-block-heading\">Responsabilit\u00e9<\/h4>\n\n\n\n<p>Sylvain Satori ne saurait \u00eatre tenu responsable des dommages directs ou indirects qui pourraient r\u00e9sulter de l&rsquo;acc\u00e8s ou de l&rsquo;utilisation du site   <a href=\"https:\/\/satori-ecoconstruction-09.fr\/\">satori-\u00e9coconstruction-09.fr <\/a>, y compris l&rsquo;inaccessibilit\u00e9, les pertes de donn\u00e9es, d\u00e9t\u00e9riorations, destructions ou virus qui pourraient affecter l&rsquo;\u00e9quipement informatique de l&rsquo;utilisateur.<\/p>\n\n\n\n<h4 class=\"wp-block-heading\">Liens Hypertextes<\/h4>\n\n\n\n<p>Le site <a href=\"https:\/\/satori-ecoconstruction-09.fr\/\">satori-\u00e9coconstruction-09.fr <\/a>peut contenir des liens hypertextes vers d&rsquo;autres sites internet.<strong> Sylvain Satori <\/strong>ne peut \u00eatre tenu responsable du contenu de ces sites tiers. L&rsquo;utilisateur est invit\u00e9 \u00e0 prendre connaissance des mentions l\u00e9gales et des politiques de confidentialit\u00e9 de ces sites.<\/p>\n\n\n\n<h4 class=\"wp-block-heading\">Protection des Donn\u00e9es Personnelles<\/h4>\n\n\n\n<p>Conform\u00e9ment \u00e0 la loi \u00ab\u00a0Informatique et Libert\u00e9s\u00a0\u00bb du 6 janvier 1978 modifi\u00e9e et au R\u00e8glement G\u00e9n\u00e9ral sur la Protection des Donn\u00e9es (RGPD), les donn\u00e9es personnelles collect\u00e9es sur le site <a href=\"https:\/\/satori-ecoconstruction-09.fr\/\">satori-\u00e9coconstruction-09.fr <\/a>sont trait\u00e9es avec le plus grand soin. Vous disposez d&rsquo;un droit d&rsquo;acc\u00e8s, de rectification, de suppression et d&rsquo;opposition aux donn\u00e9es vous concernant. Pour exercer ces droits, veuillez nous contacter \u00e0 l&rsquo;adresse e-mail suivante : <a href=\"mailto:sylvainsatori@laposte.net\">sylvainsatori@laposte.net<\/a><\/p>\n\n\n\n<h4 class=\"wp-block-heading\">Cr\u00e9dits<\/h4>\n\n\n\n<p>Les photographies, textes, graphismes, logos et ic\u00f4nes pr\u00e9sents sur le site  <a href=\"https:\/\/satori-ecoconstruction-09.fr\/\">satori-\u00e9coconstruction-09.fr <\/a> sont la propri\u00e9t\u00e9 de <strong>Sylvain Satori <\/strong>ou de ses partenaires. Toute reproduction, repr\u00e9sentation, modification, publication, adaptation de tout ou partie des \u00e9l\u00e9ments du site, quel que soit le moyen ou le proc\u00e9d\u00e9 utilis\u00e9, est interdite, sauf autorisation \u00e9crite pr\u00e9alable de <strong>Sylvain Satori <\/strong>.<\/p>\n<\/div><\/div>\n","protected":false},"excerpt":{"rendered":"<p>Editeur du site Le site satori-\u00e9coconstruction-09.fr est \u00e9dit\u00e9 par Sylvain Satori, artisan en \u00e9co-construction, dont le si\u00e8ge social est situ\u00e9 \u00e0 [Adresse compl\u00e8te]. Adresse e-mail : sylvainsatori@laposte.net T\u00e9l\u00e9phone : 06 51 66 43 04 Num\u00e9ro SIRET : 881 464 317 00018 Micro entreprise &#8211; Non assujeti \u00e0 la TVA Assurance professionnelle : H\u00e9bergement du Site&hellip;<\/p>\n","protected":false},"author":1,"featured_media":0,"parent":0,"menu_order":0,"comment_status":"closed","ping_status":"closed","template":"","meta":{"footnotes":""},"class_list":["post-3","page","type-page","status-publish","hentry"],"yoast_head":"<!-- This site is optimized with the Yoast SEO plugin v26.8 - https:\/\/yoast.com\/product\/yoast-seo-wordpress\/ -->\n<title>Mentions L\u00e9gales - Satori Ecoconstruction 09<\/title>\n<meta name=\"robots\" content=\"index, follow, max-snippet:-1, max-image-preview:large, max-video-preview:-1\" \/>\n<link rel=\"canonical\" href=\"https:\/\/satori-ecoconstruction-09.fr\/index.php\/mentions-legales\/\" \/>\n<meta property=\"og:locale\" content=\"fr_FR\" \/>\n<meta property=\"og:type\" content=\"article\" \/>\n<meta property=\"og:title\" content=\"Mentions L\u00e9gales - Satori Ecoconstruction 09\" \/>\n<meta property=\"og:description\" content=\"Editeur du site Le site satori-\u00e9coconstruction-09.fr est \u00e9dit\u00e9 par Sylvain Satori, artisan en \u00e9co-construction, dont le si\u00e8ge social est situ\u00e9 \u00e0 [Adresse compl\u00e8te]. Adresse e-mail : sylvainsatori@laposte.net T\u00e9l\u00e9phone : 06 51 66 43 04 Num\u00e9ro SIRET : 881 464 317 00018 Micro entreprise &#8211; Non assujeti \u00e0 la TVA Assurance professionnelle : H\u00e9bergement du Site&hellip;\" \/>\n<meta property=\"og:url\" content=\"https:\/\/satori-ecoconstruction-09.fr\/index.php\/mentions-legales\/\" \/>\n<meta property=\"og:site_name\" content=\"Satori Ecoconstruction 09\" \/>\n<meta property=\"article:modified_time\" content=\"2024-09-28T19:31:21+00:00\" \/>\n<meta name=\"twitter:card\" content=\"summary_large_image\" \/>\n<meta name=\"twitter:label1\" content=\"Dur\u00e9e de lecture estim\u00e9e\" \/>\n\t<meta name=\"twitter:data1\" content=\"2 minutes\" \/>\n<script type=\"application\/ld+json\" class=\"yoast-schema-graph\">{\"@context\":\"https:\/\/schema.org\",\"@graph\":[{\"@type\":\"WebPage\",\"@id\":\"https:\/\/satori-ecoconstruction-09.fr\/index.php\/mentions-legales\/\",\"url\":\"https:\/\/satori-ecoconstruction-09.fr\/index.php\/mentions-legales\/\",\"name\":\"Mentions L\u00e9gales - Satori Ecoconstruction 09\",\"isPartOf\":{\"@id\":\"https:\/\/satori-ecoconstruction-09.fr\/#website\"},\"datePublished\":\"2024-06-14T17:18:38+00:00\",\"dateModified\":\"2024-09-28T19:31:21+00:00\",\"breadcrumb\":{\"@id\":\"https:\/\/satori-ecoconstruction-09.fr\/index.php\/mentions-legales\/#breadcrumb\"},\"inLanguage\":\"fr-FR\",\"potentialAction\":[{\"@type\":\"ReadAction\",\"target\":[\"https:\/\/satori-ecoconstruction-09.fr\/index.php\/mentions-legales\/\"]}]},{\"@type\":\"BreadcrumbList\",\"@id\":\"https:\/\/satori-ecoconstruction-09.fr\/index.php\/mentions-legales\/#breadcrumb\",\"itemListElement\":[{\"@type\":\"ListItem\",\"position\":1,\"name\":\"Accueil\",\"item\":\"https:\/\/satori-ecoconstruction-09.fr\/\"},{\"@type\":\"ListItem\",\"position\":2,\"name\":\"Mentions L\u00e9gales\"}]},{\"@type\":\"WebSite\",\"@id\":\"https:\/\/satori-ecoconstruction-09.fr\/#website\",\"url\":\"https:\/\/satori-ecoconstruction-09.fr\/\",\"name\":\"Satori Ecoconstruction 09\",\"description\":\"Artisan en habitat durable\",\"publisher\":{\"@id\":\"https:\/\/satori-ecoconstruction-09.fr\/#organization\"},\"potentialAction\":[{\"@type\":\"SearchAction\",\"target\":{\"@type\":\"EntryPoint\",\"urlTemplate\":\"https:\/\/satori-ecoconstruction-09.fr\/?s={search_term_string}\"},\"query-input\":{\"@type\":\"PropertyValueSpecification\",\"valueRequired\":true,\"valueName\":\"search_term_string\"}}],\"inLanguage\":\"fr-FR\"},{\"@type\":\"Organization\",\"@id\":\"https:\/\/satori-ecoconstruction-09.fr\/#organization\",\"name\":\"Satori Ecoconstruction 09\",\"url\":\"https:\/\/satori-ecoconstruction-09.fr\/\",\"logo\":{\"@type\":\"ImageObject\",\"inLanguage\":\"fr-FR\",\"@id\":\"https:\/\/satori-ecoconstruction-09.fr\/#\/schema\/logo\/image\/\",\"url\":\"https:\/\/satori-ecoconstruction-09.fr\/wp-content\/uploads\/2024\/07\/cropped-sato-rectFichier-8-1.png\",\"contentUrl\":\"https:\/\/satori-ecoconstruction-09.fr\/wp-content\/uploads\/2024\/07\/cropped-sato-rectFichier-8-1.png\",\"width\":1372,\"height\":259,\"caption\":\"Satori Ecoconstruction 09\"},\"image\":{\"@id\":\"https:\/\/satori-ecoconstruction-09.fr\/#\/schema\/logo\/image\/\"}}]}<\/script>\n<!-- \/ Yoast SEO plugin. -->","yoast_head_json":{"title":"Mentions L\u00e9gales - Satori Ecoconstruction 09","robots":{"index":"index","follow":"follow","max-snippet":"max-snippet:-1","max-image-preview":"max-image-preview:large","max-video-preview":"max-video-preview:-1"},"canonical":"https:\/\/satori-ecoconstruction-09.fr\/index.php\/mentions-legales\/","og_locale":"fr_FR","og_type":"article","og_title":"Mentions L\u00e9gales - Satori Ecoconstruction 09","og_description":"Editeur du site Le site satori-\u00e9coconstruction-09.fr est \u00e9dit\u00e9 par Sylvain Satori, artisan en \u00e9co-construction, dont le si\u00e8ge social est situ\u00e9 \u00e0 [Adresse compl\u00e8te]. Adresse e-mail : sylvainsatori@laposte.net T\u00e9l\u00e9phone : 06 51 66 43 04 Num\u00e9ro SIRET : 881 464 317 00018 Micro entreprise &#8211; Non assujeti \u00e0 la TVA Assurance professionnelle : H\u00e9bergement du Site&hellip;","og_url":"https:\/\/satori-ecoconstruction-09.fr\/index.php\/mentions-legales\/","og_site_name":"Satori Ecoconstruction 09","article_modified_time":"2024-09-28T19:31:21+00:00","twitter_card":"summary_large_image","twitter_misc":{"Dur\u00e9e de lecture estim\u00e9e":"2 minutes"},"schema":{"@context":"https:\/\/schema.org","@graph":[{"@type":"WebPage","@id":"https:\/\/satori-ecoconstruction-09.fr\/index.php\/mentions-legales\/","url":"https:\/\/satori-ecoconstruction-09.fr\/index.php\/mentions-legales\/","name":"Mentions L\u00e9gales - Satori Ecoconstruction 09","isPartOf":{"@id":"https:\/\/satori-ecoconstruction-09.fr\/#website"},"datePublished":"2024-06-14T17:18:38+00:00","dateModified":"2024-09-28T19:31:21+00:00","breadcrumb":{"@id":"https:\/\/satori-ecoconstruction-09.fr\/index.php\/mentions-legales\/#breadcrumb"},"inLanguage":"fr-FR","potentialAction":[{"@type":"ReadAction","target":["https:\/\/satori-ecoconstruction-09.fr\/index.php\/mentions-legales\/"]}]},{"@type":"BreadcrumbList","@id":"https:\/\/satori-ecoconstruction-09.fr\/index.php\/mentions-legales\/#breadcrumb","itemListElement":[{"@type":"ListItem","position":1,"name":"Accueil","item":"https:\/\/satori-ecoconstruction-09.fr\/"},{"@type":"ListItem","position":2,"name":"Mentions L\u00e9gales"}]},{"@type":"WebSite","@id":"https:\/\/satori-ecoconstruction-09.fr\/#website","url":"https:\/\/satori-ecoconstruction-09.fr\/","name":"Satori Ecoconstruction 09","description":"Artisan en habitat durable","publisher":{"@id":"https:\/\/satori-ecoconstruction-09.fr\/#organization"},"potentialAction":[{"@type":"SearchAction","target":{"@type":"EntryPoint","urlTemplate":"https:\/\/satori-ecoconstruction-09.fr\/?s={search_term_string}"},"query-input":{"@type":"PropertyValueSpecification","valueRequired":true,"valueName":"search_term_string"}}],"inLanguage":"fr-FR"},{"@type":"Organization","@id":"https:\/\/satori-ecoconstruction-09.fr\/#organization","name":"Satori Ecoconstruction 09","url":"https:\/\/satori-ecoconstruction-09.fr\/","logo":{"@type":"ImageObject","inLanguage":"fr-FR","@id":"https:\/\/satori-ecoconstruction-09.fr\/#\/schema\/logo\/image\/","url":"https:\/\/satori-ecoconstruction-09.fr\/wp-content\/uploads\/2024\/07\/cropped-sato-rectFichier-8-1.png","contentUrl":"https:\/\/satori-ecoconstruction-09.fr\/wp-content\/uploads\/2024\/07\/cropped-sato-rectFichier-8-1.png","width":1372,"height":259,"caption":"Satori Ecoconstruction 09"},"image":{"@id":"https:\/\/satori-ecoconstruction-09.fr\/#\/schema\/logo\/image\/"}}]}},"_links":{"self":[{"href":"https:\/\/satori-ecoconstruction-09.fr\/index.php\/wp-json\/wp\/v2\/pages\/3","targetHints":{"allow":["GET"]}}],"collection":[{"href":"https:\/\/satori-ecoconstruction-09.fr\/index.php\/wp-json\/wp\/v2\/pages"}],"about":[{"href":"https:\/\/satori-ecoconstruction-09.fr\/index.php\/wp-json\/wp\/v2\/types\/page"}],"author":[{"embeddable":true,"href":"https:\/\/satori-ecoconstruction-09.fr\/index.php\/wp-json\/wp\/v2\/users\/1"}],"replies":[{"embeddable":true,"href":"https:\/\/satori-ecoconstruction-09.fr\/index.php\/wp-json\/wp\/v2\/comments?post=3"}],"version-history":[{"count":2,"href":"https:\/\/satori-ecoconstruction-09.fr\/index.php\/wp-json\/wp\/v2\/pages\/3\/revisions"}],"predecessor-version":[{"id":708,"href":"https:\/\/satori-ecoconstruction-09.fr\/index.php\/wp-json\/wp\/v2\/pages\/3\/revisions\/708"}],"wp:attachment":[{"href":"https:\/\/satori-ecoconstruction-09.fr\/index.php\/wp-json\/wp\/v2\/media?parent=3"}],"curies":[{"name":"wp","href":"https:\/\/api.w.org\/{rel}","templated":true}]}}